{"id":20,"date":"2020-09-22T01:24:54","date_gmt":"2020-09-22T01:24:54","guid":{"rendered":"https:\/\/www.dmxfloodlight.com\/?page_id=20"},"modified":"2024-05-30T22:30:39","modified_gmt":"2024-05-30T14:30:39","slug":"dmx-led-lights","status":"publish","type":"page","link":"https:\/\/www.dmxfloodlight.com\/sv\/dmx-led-lights\/","title":{"rendered":"Partihandel RGB DMX LED-lampor | DMX Lighting Company"},"content":{"rendered":"<a href=\"https:\/\/www.dmxfloodlight.com\/sv\/100w-dmx-led-flood-light\/\" target=\"_self\" title=\"Fabriksf\u00f6rs\u00e4ljning 100W RGB RGBW DMX LED Flood Light\" rel=\"noopener\">\n\t\t\t\t<img decoding=\"async\" src=\"https:\/\/www.dmxfloodlight.com\/wp-content\/uploads\/2020\/10\/100w-rgb-rgbw-dmx-led-flood-light-0.jpg\" alt=\"100w rgb rgbw dmx led str\u00e5lkastare\" \/>\n\t\t\t\t<\/a>\n\t\t\t\t\t\t<h3>\n\t\t\t\t<a href=\"https:\/\/www.dmxfloodlight.com\/sv\/100w-dmx-led-flood-light\/\" title=\"Fabriksf\u00f6rs\u00e4ljning 100W RGB RGBW DMX LED Flood Light\" tabindex=\"0\">Fabriksf\u00f6rs\u00e4ljning 100W RGB RGBW DMX LED Flood Light<\/a>\t\t\t<\/h3>\n\t\t\t\t\t\t\t\tFactory Direct Sale 100W RGB RGBW DMX LED Flood Light SKU: ZL-FL-JD100 \u272a Power: 100W.\u272a Using CREE brand &#8230;\n\t\t\t\t\t<a href=\"https:\/\/www.dmxfloodlight.com\/sv\/100w-dmx-led-flood-light\/\" target=\"_self\" rel=\"noopener\">Read More >> &#8594;<\/a>\t\t\n\t\t\t\t\t\t\t\t\t\t\t\t\t\t<a href=\"https:\/\/www.dmxfloodlight.com\/sv\/200w-dmx-led-flood-light\/\" target=\"_self\" title=\"Hot Sale Flerf\u00e4rgad 200W RGB RGBW DMX LED Flood Light\" rel=\"noopener\">\n\t\t\t\t<img decoding=\"async\" src=\"https:\/\/www.dmxfloodlight.com\/wp-content\/uploads\/2020\/10\/200w-rgb-rgbw-dmx-led-flood-light-0.jpg\" alt=\"200w rgb rgbw dmx led str\u00e5lkastare\" \/>\n\t\t\t\t<\/a>\n\t\t\t\t\t\t<h3>\n\t\t\t\t<a href=\"https:\/\/www.dmxfloodlight.com\/sv\/200w-dmx-led-flood-light\/\" title=\"Hot Sale Flerf\u00e4rgad 200W RGB RGBW DMX LED Flood Light\" tabindex=\"0\">Hot Sale Flerf\u00e4rgad 200W RGB RGBW DMX LED Flood Light<\/a>\t\t\t<\/h3>\n\t\t\t\t\t\t\t\tHot Sale Multi Colored 200W RGB RGBW DMX LED Flood Light SKU: ZL-FL-JD200 \u272a Power: 200W.\u272a Using CREE &#8230;\n\t\t\t\t\t<a href=\"https:\/\/www.dmxfloodlight.com\/sv\/200w-dmx-led-flood-light\/\" target=\"_self\" rel=\"noopener\">Read More >> &#8594;<\/a>\t\t\n\t\t\t\t\t\t\t\t\t\t\t\t\t\t<a href=\"https:\/\/www.dmxfloodlight.com\/sv\/300w-dmx-led-flood-light\/\" target=\"_self\" title=\"B\u00e4sta f\u00e4rgskiftande 300W RGB RGBW DMX LED Flood Light\" rel=\"noopener\">\n\t\t\t\t<img decoding=\"async\" src=\"https:\/\/www.dmxfloodlight.com\/wp-content\/uploads\/2020\/10\/300w-rgb-rgbw-dmx-led-flood-light-0.jpg\" alt=\"300w rgb rgbw dmx led str\u00e5lkastare\" \/>\n\t\t\t\t<\/a>\n\t\t\t\t\t\t<h3>\n\t\t\t\t<a href=\"https:\/\/www.dmxfloodlight.com\/sv\/300w-dmx-led-flood-light\/\" title=\"B\u00e4sta f\u00e4rgskiftande 300W RGB RGBW DMX LED Flood Light\" tabindex=\"0\">B\u00e4sta f\u00e4rgskiftande 300W RGB RGBW DMX LED Flood Light<\/a>\t\t\t<\/h3>\n\t\t\t\t\t\t\t\tBest Color Changing 300W RGB RGBW DMX LED Flood Light SKU: ZL-FL-JD300 \u272a Power: 300W.\u272a Using CREE brand &#8230;\n\t\t\t\t\t<a href=\"https:\/\/www.dmxfloodlight.com\/sv\/300w-dmx-led-flood-light\/\" target=\"_self\" rel=\"noopener\">Read More >> &#8594;<\/a>\t\t\n\t\t\t\t\t\t\t\t\t\t\t\t\t\t<a href=\"https:\/\/www.dmxfloodlight.com\/sv\/500w-dmx-led-flood-light\/\" target=\"_self\" title=\"Utomhus High Power 500W RGB RGBW DMX LED Flood Light\" rel=\"noopener\">\n\t\t\t\t<img decoding=\"async\" src=\"https:\/\/www.dmxfloodlight.com\/wp-content\/uploads\/2020\/10\/500w-rgb-rgbw-dmx-led-flood-light-0.jpg\" alt=\"500w rgb rgbw dmx led str\u00e5lkastare\" \/>\n\t\t\t\t<\/a>\n\t\t\t\t\t\t<h3>\n\t\t\t\t<a href=\"https:\/\/www.dmxfloodlight.com\/sv\/500w-dmx-led-flood-light\/\" title=\"Utomhus High Power 500W RGB RGBW DMX LED Flood Light\" tabindex=\"0\">Utomhus High Power 500W RGB RGBW DMX LED Flood Light<\/a>\t\t\t<\/h3>\n\t\t\t\t\t\t\t\tOutdoor High Power 500W RGB RGBW DMX LED Flood Light SKU: ZL-FL-JD500 \u272a Power: 500W.\u272a Using CREE brand &#8230;\n\t\t\t\t\t<a href=\"https:\/\/www.dmxfloodlight.com\/sv\/500w-dmx-led-flood-light\/\" target=\"_self\" rel=\"noopener\">Read More >> &#8594;<\/a>\t\t\n\t\t\t\t\t\t\t\t\t\t\t\t\t\t<a href=\"https:\/\/www.dmxfloodlight.com\/sv\/800w-1000w-dmx-led-flood-light\/\" target=\"_self\" title=\"High Mast 800W 1000W RGB RGBW DMX LED Flood Light\" rel=\"noopener\">\n\t\t\t\t<img decoding=\"async\" src=\"https:\/\/www.dmxfloodlight.com\/wp-content\/uploads\/2020\/10\/800w-1000w-rgb-rgbw-dmx-led-flood-light-0.jpg\" alt=\"800w 1000w rgb rgbw dmx led str\u00e5lkastare\" \/>\n\t\t\t\t<\/a>\n\t\t\t\t\t\t<h3>\n\t\t\t\t<a href=\"https:\/\/www.dmxfloodlight.com\/sv\/800w-1000w-dmx-led-flood-light\/\" title=\"High Mast 800W 1000W RGB RGBW DMX LED Flood Light\" tabindex=\"0\">High Mast 800W 1000W RGB RGBW DMX LED Flood Light<\/a>\t\t\t<\/h3>\n\t\t\t\t\t\t\t\tHigh Mast 800W 1000W RGB RGBW DMX LED Flood Light SKU: ZL-FL-JD800~JD1000 \u272a Power: 800W\/1000W.\u272a Using CREE brand &#8230;\n\t\t\t\t\t<a href=\"https:\/\/www.dmxfloodlight.com\/sv\/800w-1000w-dmx-led-flood-light\/\" target=\"_self\" rel=\"noopener\">Read More >> &#8594;<\/a>\t\t\n\t\t\t\t\t\t\t\t\t\t\t\t\t\t<a href=\"https:\/\/www.dmxfloodlight.com\/sv\/100w-dmx512-led-flood-light\/\" target=\"_self\" title=\"Programmerbar 100W RGB RGBW DMX512 LED Flood Light\" rel=\"noopener\">\n\t\t\t\t<img decoding=\"async\" src=\"https:\/\/www.dmxfloodlight.com\/wp-content\/uploads\/2020\/10\/100w-rgb-rgbw-dmx512-led-flood-light-0.jpg\" alt=\"100w rgb rgbw dmx512 led str\u00e5lkastare\" \/>\n\t\t\t\t<\/a>\n\t\t\t\t\t\t<h3>\n\t\t\t\t<a href=\"https:\/\/www.dmxfloodlight.com\/sv\/100w-dmx512-led-flood-light\/\" title=\"Programmerbar 100W RGB RGBW DMX512 LED Flood Light\" tabindex=\"0\">Programmerbar 100W RGB RGBW DMX512 LED Flood Light<\/a>\t\t\t<\/h3>\n\t\t\t\t\t\t\t\tProgrammable 100W RGB RGBW DMX512 LED Flood Light SKU: ZL-FL-JD100 \u272a Power: 100W.\u272a Using CREE brand RGB \/ &#8230;\n\t\t\t\t\t<a href=\"https:\/\/www.dmxfloodlight.com\/sv\/100w-dmx512-led-flood-light\/\" target=\"_self\" rel=\"noopener\">Read More >> &#8594;<\/a>\t\t\n\t\t\t\t\t\t\t\t\t\t\t\t\t\t<a href=\"https:\/\/www.dmxfloodlight.com\/sv\/200w-dmx512-led-flood-light\/\" target=\"_self\" title=\"Flerf\u00e4rgad 200W RGB RGBW DMX512 LED Flood Light\" rel=\"noopener\">\n\t\t\t\t<img decoding=\"async\" src=\"https:\/\/www.dmxfloodlight.com\/wp-content\/uploads\/2020\/10\/200w-rgb-rgbw-dmx512-led-flood-light-0.jpg\" alt=\"200w rgb rgbw dmx512 led str\u00e5lkastare\" \/>\n\t\t\t\t<\/a>\n\t\t\t\t\t\t<h3>\n\t\t\t\t<a href=\"https:\/\/www.dmxfloodlight.com\/sv\/200w-dmx512-led-flood-light\/\" title=\"Flerf\u00e4rgad 200W RGB RGBW DMX512 LED Flood Light\" tabindex=\"0\">Flerf\u00e4rgad 200W RGB RGBW DMX512 LED Flood Light<\/a>\t\t\t<\/h3>\n\t\t\t\t\t\t\t\tMulti Coloured 200W RGB RGBW DMX512 LED Flood Light SKU: ZL-FL-JD200 \u272a Power: 200W.\u272a Using CREE brand RGB &#8230;\n\t\t\t\t\t<a href=\"https:\/\/www.dmxfloodlight.com\/sv\/200w-dmx512-led-flood-light\/\" target=\"_self\" rel=\"noopener\">Read More >> &#8594;<\/a>\t\t\n\t\t\t\t\t\t\t\t\t\t\t\t\t\t<a href=\"https:\/\/www.dmxfloodlight.com\/sv\/300w-dmx512-led-flood-light\/\" target=\"_self\" title=\"Exteri\u00f6r Tr\u00e5dl\u00f6s 300W RGB RGBW DMX512 LED Flood Light\" rel=\"noopener\">\n\t\t\t\t<img decoding=\"async\" src=\"https:\/\/www.dmxfloodlight.com\/wp-content\/uploads\/2020\/10\/300w-rgb-rgbw-dmx512-led-flood-light-0.jpg\" alt=\"300w rgb rgbw dmx512 led str\u00e5lkastare\" \/>\n\t\t\t\t<\/a>\n\t\t\t\t\t\t<h3>\n\t\t\t\t<a href=\"https:\/\/www.dmxfloodlight.com\/sv\/300w-dmx512-led-flood-light\/\" title=\"Exteri\u00f6r Tr\u00e5dl\u00f6s 300W RGB RGBW DMX512 LED Flood Light\" tabindex=\"0\">Exteri\u00f6r Tr\u00e5dl\u00f6s 300W RGB RGBW DMX512 LED Flood Light<\/a>\t\t\t<\/h3>\n\t\t\t\t\t\t\t\tExterior Wireless 300W RGB RGBW DMX512 LED Flood Light SKU: ZL-FL-JD300 \u272a Power: 300W.\u272a Using CREE brand RGB &#8230;\n\t\t\t\t\t<a href=\"https:\/\/www.dmxfloodlight.com\/sv\/300w-dmx512-led-flood-light\/\" target=\"_self\" rel=\"noopener\">Read More >> &#8594;<\/a>\t\t\n\t\t\t\t\t\t\t\t\t\t\t\t\t\t<a href=\"https:\/\/www.dmxfloodlight.com\/sv\/500w-dmx512-led-flood-light\/\" target=\"_self\" title=\"Kommersiell IP66 500W RGB RGBW DMX512 LED Flood Light\" rel=\"noopener\">\n\t\t\t\t<img decoding=\"async\" src=\"https:\/\/www.dmxfloodlight.com\/wp-content\/uploads\/2020\/10\/500w-rgb-rgbw-dmx512-led-flood-light-0.jpg\" alt=\"500w rgb rgbw dmx512 led str\u00e5lkastare\" \/>\n\t\t\t\t<\/a>\n\t\t\t\t\t\t<h3>\n\t\t\t\t<a href=\"https:\/\/www.dmxfloodlight.com\/sv\/500w-dmx512-led-flood-light\/\" title=\"Kommersiell IP66 500W RGB RGBW DMX512 LED Flood Light\" tabindex=\"0\">Kommersiell IP66 500W RGB RGBW DMX512 LED Flood Light<\/a>\t\t\t<\/h3>\n\t\t\t\t\t\t\t\tCommercial IP66 500W RGB RGBW DMX512 LED Flood Light SKU: ZL-FL-JD500 \u272a Power: 500W. \u272a Using CREE brand &#8230;\n\t\t\t\t\t<a href=\"https:\/\/www.dmxfloodlight.com\/sv\/500w-dmx512-led-flood-light\/\" target=\"_self\" rel=\"noopener\">Read More >> &#8594;<\/a>\t\t\n\t\t\t\t\t\t\t\t\t\t\t\t\t\t<a href=\"https:\/\/www.dmxfloodlight.com\/sv\/800w-1000w-dmx512-led-flood-light\/\" target=\"_self\" title=\"Grossist 800W 1000W RGB RGBW DMX512 LED Flood Light\" rel=\"noopener\">\n\t\t\t\t<img decoding=\"async\" src=\"https:\/\/www.dmxfloodlight.com\/wp-content\/uploads\/2020\/10\/800w-1000w-rgb-rgbw-dmx512-led-flood-light-0.jpg\" alt=\"800w 1000w rgb rgbw dmx512 led str\u00e5lkastare\" \/>\n\t\t\t\t<\/a>\n\t\t\t\t\t\t<h3>\n\t\t\t\t<a href=\"https:\/\/www.dmxfloodlight.com\/sv\/800w-1000w-dmx512-led-flood-light\/\" title=\"Grossist 800W 1000W RGB RGBW DMX512 LED Flood Light\" tabindex=\"0\">Grossist 800W 1000W RGB RGBW DMX512 LED Flood Light<\/a>\t\t\t<\/h3>\n\t\t\t\t\t\t\t\tWholesale 800W 1000W RGB RGBW DMX512 LED Flood Light SKU: ZL-FL-JD800~JD1000 \u272a Power: 800W\/1000W.\u272a Using CREE brand RGB &#8230;\n\t\t\t\t\t<a href=\"https:\/\/www.dmxfloodlight.com\/sv\/800w-1000w-dmx512-led-flood-light\/\" target=\"_self\" rel=\"noopener\">Read More >> &#8594;<\/a>\t\t\n\t\t\t\t\t\t\t\t\t\t\t\t\t\t<a href=\"https:\/\/www.dmxfloodlight.com\/sv\/500-watt-dmx-led-flood-light\/\" target=\"_self\" title=\"Sladdl\u00f6s 500 Watt RGB RGBW DMX DMX512 LED Flood Light\" rel=\"noopener\">\n\t\t\t\t<img decoding=\"async\" src=\"https:\/\/www.dmxfloodlight.com\/wp-content\/uploads\/2020\/10\/500-watt-rgb-rgbw-dmx-dmx512-led-flood-light-0.jpg\" alt=\"500 watt rgb rgbw dmx dmx512 led str\u00e5lkastare\" \/>\n\t\t\t\t<\/a>\n\t\t\t\t\t\t<h3>\n\t\t\t\t<a href=\"https:\/\/www.dmxfloodlight.com\/sv\/500-watt-dmx-led-flood-light\/\" title=\"Sladdl\u00f6s 500 Watt RGB RGBW DMX DMX512 LED Flood Light\" tabindex=\"0\">Sladdl\u00f6s 500 Watt RGB RGBW DMX DMX512 LED Flood Light<\/a>\t\t\t<\/h3>\n\t\t\t\t\t\t\t\tCordless 500 Watt RGB RGBW DMX DMX512 LED Flood Light SKU: ZL-FL-JD500 \u272a Power: 500 Watt.\u272a Using CREE &#8230;\n\t\t\t\t\t<a href=\"https:\/\/www.dmxfloodlight.com\/sv\/500-watt-dmx-led-flood-light\/\" target=\"_self\" rel=\"noopener\">Read More >> &#8594;<\/a>\t\t\n\t\t\t\t\t\t\t\t\t\t\t\t\t\t<a href=\"https:\/\/www.dmxfloodlight.com\/sv\/800-1000-watt-dmx-led-flood-light\/\" target=\"_self\" title=\"800 Watt 1000 Watt RGB RGBW DMX DMX512 LED Flood Light\" rel=\"noopener\">\n\t\t\t\t<img decoding=\"async\" src=\"https:\/\/www.dmxfloodlight.com\/wp-content\/uploads\/2020\/10\/800-watt-1000-watt-rgb-rgbw-dmx-dmx512-led-flood-light-0.jpg\" alt=\"800 watt 1000 watt rgb rgbw dmx dmx512 led str\u00e5lkastare\" \/>\n\t\t\t\t<\/a>\n\t\t\t\t\t\t<h3>\n\t\t\t\t<a href=\"https:\/\/www.dmxfloodlight.com\/sv\/800-1000-watt-dmx-led-flood-light\/\" title=\"800 Watt 1000 Watt RGB RGBW DMX DMX512 LED Flood Light\" tabindex=\"0\">800 Watt 1000 Watt RGB RGBW DMX DMX512 LED Flood Light<\/a>\t\t\t<\/h3>\n\t\t\t\t\t\t\t\t800 Watt 1000 Watt RGB RGBW DMX DMX512 LED Flood Light SKU: ZL-FL-JD800~JD1000 \u272a Power: 800 Watt\/1000 Watt.\u272a &#8230;\n\t\t\t\t\t<a href=\"https:\/\/www.dmxfloodlight.com\/sv\/800-1000-watt-dmx-led-flood-light\/\" target=\"_self\" rel=\"noopener\">Read More >> &#8594;<\/a>\t\t\n\t\t\t\t\t\t\t\t\t\t\t\t\t\t<a href=\"https:\/\/www.dmxfloodlight.com\/sv\/100-watt-dmx-led-flood-light\/\" target=\"_self\" title=\"B\u00e4sta pris Utomhus 100 Watt RGB RGBW DMX LED Flood Light\" rel=\"noopener\">\n\t\t\t\t<img decoding=\"async\" src=\"https:\/\/www.dmxfloodlight.com\/wp-content\/uploads\/2020\/10\/100-watt-rgb-rgbw-dmx-led-flood-light-0.jpg\" alt=\"100 watt rgb rgbw dmx led str\u00e5lkastare\" \/>\n\t\t\t\t<\/a>\n\t\t\t\t\t\t<h3>\n\t\t\t\t<a href=\"https:\/\/www.dmxfloodlight.com\/sv\/100-watt-dmx-led-flood-light\/\" title=\"B\u00e4sta pris Utomhus 100 Watt RGB RGBW DMX LED Flood Light\" tabindex=\"0\">B\u00e4sta pris Utomhus 100 Watt RGB RGBW DMX LED Flood Light<\/a>\t\t\t<\/h3>\n\t\t\t\t\t\t\t\tBest Price Outdoor 100 Watt RGB RGBW DMX LED Flood Light SKU: ZL-FL-J100 \u272a Power: 100W. \u272a Using &#8230;\n\t\t\t\t\t<a href=\"https:\/\/www.dmxfloodlight.com\/sv\/100-watt-dmx-led-flood-light\/\" target=\"_self\" rel=\"noopener\">Read More >> &#8594;<\/a>\t\t\n\t\t\t\t\t\t\t\t\t\t\t\t\t\t<a href=\"https:\/\/www.dmxfloodlight.com\/sv\/200-watt-dmx-led-flood-light\/\" target=\"_self\" title=\"200 Watt RGB RGBW DMX LED Flood Light \u2013 5 \u00e5rs garanti\" rel=\"noopener\">\n\t\t\t\t<img decoding=\"async\" src=\"https:\/\/www.dmxfloodlight.com\/wp-content\/uploads\/2020\/10\/200-watt-rgb-rgbw-dmx-led-flood-light-0.jpg\" alt=\"200 watt rgb rgbw dmx led str\u00e5lkastare\" \/>\n\t\t\t\t<\/a>\n\t\t\t\t\t\t<h3>\n\t\t\t\t<a href=\"https:\/\/www.dmxfloodlight.com\/sv\/200-watt-dmx-led-flood-light\/\" title=\"200 Watt RGB RGBW DMX LED Flood Light \u2013 5 \u00e5rs garanti\" tabindex=\"0\">200 Watt RGB RGBW DMX LED Flood Light \u2013 5 \u00e5rs garanti<\/a>\t\t\t<\/h3>\n\t\t\t\t\t\t\t\t200 Watt RGB RGBW DMX Led Flood Light &#8211; 5 Years Warranty SKU: ZL-FL-J200 \u272a Power: 200W. \u272a &#8230;\n\t\t\t\t\t<a href=\"https:\/\/www.dmxfloodlight.com\/sv\/200-watt-dmx-led-flood-light\/\" target=\"_self\" rel=\"noopener\">Read More >> &#8594;<\/a>\t\t\n\t\t\t\t\t\t\t\t\t\t\t\t\t\t<a href=\"https:\/\/www.dmxfloodlight.com\/sv\/300-watt-dmx-led-flood-light\/\" target=\"_self\" title=\"300 Watt RGB RGBW DMX LED Flood Light med appkontroll\" rel=\"noopener\">\n\t\t\t\t<img decoding=\"async\" src=\"https:\/\/www.dmxfloodlight.com\/wp-content\/uploads\/2020\/10\/300-watt-rgb-rgbw-dmx-led-flood-light-0.jpg\" alt=\"300 watt rgb rgbw dmx led str\u00e5lkastare\" \/>\n\t\t\t\t<\/a>\n\t\t\t\t\t\t<h3>\n\t\t\t\t<a href=\"https:\/\/www.dmxfloodlight.com\/sv\/300-watt-dmx-led-flood-light\/\" title=\"300 Watt RGB RGBW DMX LED Flood Light med appkontroll\" tabindex=\"0\">300 Watt RGB RGBW DMX LED Flood Light med appkontroll<\/a>\t\t\t<\/h3>\n\t\t\t\t\t\t\t\t300 Watt RGB RGBW DMX LED Flood Light With App Control SKU: ZL-FL-J300 \u272a Power: 300W. \u272a Using &#8230;\n\t\t\t\t\t<a href=\"https:\/\/www.dmxfloodlight.com\/sv\/300-watt-dmx-led-flood-light\/\" target=\"_self\" rel=\"noopener\">Read More >> &#8594;<\/a>\t\t\n\t\t\t<ul class='page-numbers'>\n\t<li>1<\/li>\n\t<li><a href=\"https:\/\/www.dmxfloodlight.com\/sv\/dmx-led-lights\/\">2<\/a><\/li>\n\t<li><a href=\"https:\/\/www.dmxfloodlight.com\/sv\/dmx-led-lights\/\">3<\/a><\/li>\n\t<li><a href=\"https:\/\/www.dmxfloodlight.com\/sv\/dmx-led-lights\/\">Next &raquo;<\/a><\/li>\n<\/ul>","protected":false},"excerpt":{"rendered":"<p>Factory Direct Sale 100W RGB RGBW DMX LED Flood Light Factory Direct Sale 100W RGB RGBW DMX LED Flood Light SKU: ZL-FL-JD100 \u272a Power: 100W.\u272a Using CREE brand &#8230; Read More >> &#8594; Hot Sale Multi Colored 200W RGB RGBW DMX LED Flood Light Hot Sale Multi Colored 200W RGB RGBW DMX LED Flood Light [&hellip;]<\/p>","protected":false},"author":1,"featured_media":396,"parent":0,"menu_order":0,"comment_status":"closed","ping_status":"closed","template":"","meta":{"footnotes":""},"class_list":["post-20","page","type-page","status-publish","has-post-thumbnail","hentry","wpbf-post"],"yoast_head":"<!-- This site is optimized with the Yoast SEO Premium plugin v22.4 (Yoast SEO v22.4) - https:\/\/yoast.com\/wordpress\/plugins\/seo\/ -->\n<title>Wholesale RGB DMX LED Lights | DMX Lighting Company<\/title>\n<meta name=\"description\" content=\"Find the trustworthy DMX lighting company in China for DMX LED lights and RGB LED lights at wholesale price. We offer custom solutions and fast delivery.\" \/>\n<meta name=\"robots\" content=\"index, follow, max-snippet:-1, max-image-preview:large, max-video-preview:-1\" \/>\n<link rel=\"canonical\" href=\"https:\/\/www.dmxfloodlight.com\/sv\/dmx-led-lights\/\" \/>\n<meta property=\"og:locale\" content=\"sv_SE\" \/>\n<meta property=\"og:type\" content=\"article\" \/>\n<meta property=\"og:title\" content=\"Wholesale RGB DMX LED Lights | DMX Lighting Company\" \/>\n<meta property=\"og:description\" content=\"Find the trustworthy DMX lighting company in China for DMX LED lights and RGB LED lights at wholesale price. We offer custom solutions and fast delivery.\" \/>\n<meta property=\"og:url\" content=\"https:\/\/www.dmxfloodlight.com\/sv\/dmx-led-lights\/\" \/>\n<meta property=\"og:site_name\" content=\"DMX Flood Light\" \/>\n<meta property=\"article:publisher\" content=\"https:\/\/www.facebook.com\/jerrygeram\" \/>\n<meta property=\"article:modified_time\" content=\"2024-05-30T14:30:39+00:00\" \/>\n<meta property=\"og:image\" content=\"https:\/\/www.dmxfloodlight.com\/wp-content\/uploads\/2020\/09\/rgb-rgbw-dmx-led-flood-light-catalogue.jpg\" \/>\n\t<meta property=\"og:image:width\" content=\"250\" \/>\n\t<meta property=\"og:image:height\" content=\"250\" \/>\n\t<meta property=\"og:image:type\" content=\"image\/jpeg\" \/>\n<meta name=\"twitter:card\" content=\"summary_large_image\" \/>\n<meta name=\"twitter:label1\" content=\"Est. reading time\" \/>\n\t<meta name=\"twitter:data1\" content=\"6 minutes\" \/>\n<script type=\"application\/ld+json\" class=\"yoast-schema-graph\">{\"@context\":\"https:\/\/schema.org\",\"@graph\":[{\"@type\":\"WebPage\",\"@id\":\"https:\/\/www.dmxfloodlight.com\/dmx-led-lights\/\",\"url\":\"https:\/\/www.dmxfloodlight.com\/dmx-led-lights\/\",\"name\":\"Wholesale RGB DMX LED Lights | DMX Lighting Company\",\"isPartOf\":{\"@id\":\"https:\/\/www.dmxfloodlight.com\/#website\"},\"primaryImageOfPage\":{\"@id\":\"https:\/\/www.dmxfloodlight.com\/dmx-led-lights\/#primaryimage\"},\"image\":{\"@id\":\"https:\/\/www.dmxfloodlight.com\/dmx-led-lights\/#primaryimage\"},\"thumbnailUrl\":\"https:\/\/www.dmxfloodlight.com\/wp-content\/uploads\/2020\/09\/rgb-rgbw-dmx-led-flood-light-catalogue.jpg\",\"datePublished\":\"2020-09-22T01:24:54+00:00\",\"dateModified\":\"2024-05-30T14:30:39+00:00\",\"description\":\"Find the trustworthy DMX lighting company in China for DMX LED lights and RGB LED lights at wholesale price. We offer custom solutions and fast delivery.\",\"breadcrumb\":{\"@id\":\"https:\/\/www.dmxfloodlight.com\/dmx-led-lights\/#breadcrumb\"},\"inLanguage\":\"sv-SE\",\"potentialAction\":[{\"@type\":\"ReadAction\",\"target\":[\"https:\/\/www.dmxfloodlight.com\/dmx-led-lights\/\"]}]},{\"@type\":\"ImageObject\",\"inLanguage\":\"sv-SE\",\"@id\":\"https:\/\/www.dmxfloodlight.com\/dmx-led-lights\/#primaryimage\",\"url\":\"https:\/\/www.dmxfloodlight.com\/wp-content\/uploads\/2020\/09\/rgb-rgbw-dmx-led-flood-light-catalogue.jpg\",\"contentUrl\":\"https:\/\/www.dmxfloodlight.com\/wp-content\/uploads\/2020\/09\/rgb-rgbw-dmx-led-flood-light-catalogue.jpg\",\"width\":250,\"height\":250,\"caption\":\"rgb rgbw dmx led flood light catalogue\"},{\"@type\":\"BreadcrumbList\",\"@id\":\"https:\/\/www.dmxfloodlight.com\/dmx-led-lights\/#breadcrumb\",\"itemListElement\":[{\"@type\":\"ListItem\",\"position\":1,\"name\":\"Home\",\"item\":\"https:\/\/www.dmxfloodlight.com\/\"},{\"@type\":\"ListItem\",\"position\":2,\"name\":\"Wholesale RGB DMX LED Lights | DMX Lighting Company\"}]},{\"@type\":\"WebSite\",\"@id\":\"https:\/\/www.dmxfloodlight.com\/#website\",\"url\":\"https:\/\/www.dmxfloodlight.com\/\",\"name\":\"DMX Flood Light\",\"description\":\"DMX LED flood light manufacturer\",\"publisher\":{\"@id\":\"https:\/\/www.dmxfloodlight.com\/#organization\"},\"potentialAction\":[{\"@type\":\"SearchAction\",\"target\":{\"@type\":\"EntryPoint\",\"urlTemplate\":\"https:\/\/www.dmxfloodlight.com\/?s={search_term_string}\"},\"query-input\":\"required name=search_term_string\"}],\"inLanguage\":\"sv-SE\"},{\"@type\":\"Organization\",\"@id\":\"https:\/\/www.dmxfloodlight.com\/#organization\",\"name\":\"GERAM Lighting\",\"url\":\"https:\/\/www.dmxfloodlight.com\/\",\"logo\":{\"@type\":\"ImageObject\",\"inLanguage\":\"sv-SE\",\"@id\":\"https:\/\/www.dmxfloodlight.com\/#\/schema\/logo\/image\/\",\"url\":\"https:\/\/www.dmxfloodlight.com\/wp-content\/uploads\/2020\/09\/rgb-rgbw-dmx-led-flood-light-favicon.png\",\"contentUrl\":\"https:\/\/www.dmxfloodlight.com\/wp-content\/uploads\/2020\/09\/rgb-rgbw-dmx-led-flood-light-favicon.png\",\"width\":512,\"height\":512,\"caption\":\"GERAM Lighting\"},\"image\":{\"@id\":\"https:\/\/www.dmxfloodlight.com\/#\/schema\/logo\/image\/\"},\"sameAs\":[\"https:\/\/www.facebook.com\/jerrygeram\"]}]}<\/script>\n<!-- \/ Yoast SEO Premium plugin. -->","yoast_head_json":{"title":"Wholesale RGB DMX LED Lights | DMX Lighting Company","description":"Find the trustworthy DMX lighting company in China for DMX LED lights and RGB LED lights at wholesale price. We offer custom solutions and fast delivery.","robots":{"index":"index","follow":"follow","max-snippet":"max-snippet:-1","max-image-preview":"max-image-preview:large","max-video-preview":"max-video-preview:-1"},"canonical":"https:\/\/www.dmxfloodlight.com\/sv\/dmx-led-lights\/","og_locale":"sv_SE","og_type":"article","og_title":"Wholesale RGB DMX LED Lights | DMX Lighting Company","og_description":"Find the trustworthy DMX lighting company in China for DMX LED lights and RGB LED lights at wholesale price. We offer custom solutions and fast delivery.","og_url":"https:\/\/www.dmxfloodlight.com\/sv\/dmx-led-lights\/","og_site_name":"DMX Flood Light","article_publisher":"https:\/\/www.facebook.com\/jerrygeram","article_modified_time":"2024-05-30T14:30:39+00:00","og_image":[{"width":250,"height":250,"url":"https:\/\/www.dmxfloodlight.com\/wp-content\/uploads\/2020\/09\/rgb-rgbw-dmx-led-flood-light-catalogue.jpg","type":"image\/jpeg"}],"twitter_card":"summary_large_image","twitter_misc":{"Est. reading time":"6 minutes"},"schema":{"@context":"https:\/\/schema.org","@graph":[{"@type":"WebPage","@id":"https:\/\/www.dmxfloodlight.com\/dmx-led-lights\/","url":"https:\/\/www.dmxfloodlight.com\/dmx-led-lights\/","name":"Wholesale RGB DMX LED Lights | DMX Lighting Company","isPartOf":{"@id":"https:\/\/www.dmxfloodlight.com\/#website"},"primaryImageOfPage":{"@id":"https:\/\/www.dmxfloodlight.com\/dmx-led-lights\/#primaryimage"},"image":{"@id":"https:\/\/www.dmxfloodlight.com\/dmx-led-lights\/#primaryimage"},"thumbnailUrl":"https:\/\/www.dmxfloodlight.com\/wp-content\/uploads\/2020\/09\/rgb-rgbw-dmx-led-flood-light-catalogue.jpg","datePublished":"2020-09-22T01:24:54+00:00","dateModified":"2024-05-30T14:30:39+00:00","description":"Find the trustworthy DMX lighting company in China for DMX LED lights and RGB LED lights at wholesale price. We offer custom solutions and fast delivery.","breadcrumb":{"@id":"https:\/\/www.dmxfloodlight.com\/dmx-led-lights\/#breadcrumb"},"inLanguage":"sv-SE","potentialAction":[{"@type":"ReadAction","target":["https:\/\/www.dmxfloodlight.com\/dmx-led-lights\/"]}]},{"@type":"ImageObject","inLanguage":"sv-SE","@id":"https:\/\/www.dmxfloodlight.com\/dmx-led-lights\/#primaryimage","url":"https:\/\/www.dmxfloodlight.com\/wp-content\/uploads\/2020\/09\/rgb-rgbw-dmx-led-flood-light-catalogue.jpg","contentUrl":"https:\/\/www.dmxfloodlight.com\/wp-content\/uploads\/2020\/09\/rgb-rgbw-dmx-led-flood-light-catalogue.jpg","width":250,"height":250,"caption":"rgb rgbw dmx led flood light catalogue"},{"@type":"BreadcrumbList","@id":"https:\/\/www.dmxfloodlight.com\/dmx-led-lights\/#breadcrumb","itemListElement":[{"@type":"ListItem","position":1,"name":"Home","item":"https:\/\/www.dmxfloodlight.com\/"},{"@type":"ListItem","position":2,"name":"Wholesale RGB DMX LED Lights | DMX Lighting Company"}]},{"@type":"WebSite","@id":"https:\/\/www.dmxfloodlight.com\/#website","url":"https:\/\/www.dmxfloodlight.com\/","name":"DMX Flood Light","description":"DMX LED flood light manufacturer","publisher":{"@id":"https:\/\/www.dmxfloodlight.com\/#organization"},"potentialAction":[{"@type":"SearchAction","target":{"@type":"EntryPoint","urlTemplate":"https:\/\/www.dmxfloodlight.com\/?s={search_term_string}"},"query-input":"required name=search_term_string"}],"inLanguage":"sv-SE"},{"@type":"Organization","@id":"https:\/\/www.dmxfloodlight.com\/#organization","name":"GERAM Lighting","url":"https:\/\/www.dmxfloodlight.com\/","logo":{"@type":"ImageObject","inLanguage":"sv-SE","@id":"https:\/\/www.dmxfloodlight.com\/#\/schema\/logo\/image\/","url":"https:\/\/www.dmxfloodlight.com\/wp-content\/uploads\/2020\/09\/rgb-rgbw-dmx-led-flood-light-favicon.png","contentUrl":"https:\/\/www.dmxfloodlight.com\/wp-content\/uploads\/2020\/09\/rgb-rgbw-dmx-led-flood-light-favicon.png","width":512,"height":512,"caption":"GERAM Lighting"},"image":{"@id":"https:\/\/www.dmxfloodlight.com\/#\/schema\/logo\/image\/"},"sameAs":["https:\/\/www.facebook.com\/jerrygeram"]}]}},"_links":{"self":[{"href":"https:\/\/www.dmxfloodlight.com\/sv\/wp-json\/wp\/v2\/pages\/20","targetHints":{"allow":["GET"]}}],"collection":[{"href":"https:\/\/www.dmxfloodlight.com\/sv\/wp-json\/wp\/v2\/pages"}],"about":[{"href":"https:\/\/www.dmxfloodlight.com\/sv\/wp-json\/wp\/v2\/types\/page"}],"author":[{"embeddable":true,"href":"https:\/\/www.dmxfloodlight.com\/sv\/wp-json\/wp\/v2\/users\/1"}],"replies":[{"embeddable":true,"href":"https:\/\/www.dmxfloodlight.com\/sv\/wp-json\/wp\/v2\/comments?post=20"}],"version-history":[{"count":0,"href":"https:\/\/www.dmxfloodlight.com\/sv\/wp-json\/wp\/v2\/pages\/20\/revisions"}],"wp:featuredmedia":[{"embeddable":true,"href":"https:\/\/www.dmxfloodlight.com\/sv\/wp-json\/wp\/v2\/media\/396"}],"wp:attachment":[{"href":"https:\/\/www.dmxfloodlight.com\/sv\/wp-json\/wp\/v2\/media?parent=20"}],"curies":[{"name":"wp","href":"https:\/\/api.w.org\/{rel}","templated":true}]}}