{"id":26,"date":"2020-09-22T01:26:03","date_gmt":"2020-09-22T01:26:03","guid":{"rendered":"https:\/\/www.dmxfloodlight.com\/?page_id=26"},"modified":"2025-12-11T14:03:44","modified_gmt":"2025-12-11T06:03:44","slug":"faq","status":"publish","type":"page","link":"https:\/\/www.dmxfloodlight.com\/pt\/faq\/","title":{"rendered":"FAQ - Holofote LED RGB \/ RGBW DMX"},"content":{"rendered":"<h2>\n\t\tPergunta frequente\n\t<\/h2>\n<h2>\n\t\t1. Onde voc\u00ea est\u00e1 localizado e como comprar suas luzes LED RGB?\n\t<\/h2>\n\t<p>We are a leading LED light manufacturer and exporter located in Guangdong, China. You can easily buy our LED lights no matter where you are. Firstly, please send us an inquiry to tell us your requirement on our website or through email, whatsapp, skype, etc. Then we will send you feedback with our proposal, products and quotation. You will be requested to send us the payment after our deal. And when the payment comes we will arrange the production and send you the goods by air or by sea.<\/p>\n<h2>\n\t\t2. O que \u00e9 DMX ou DMX512?\n\t<\/h2>\n\t<p>DMX is short for &#8220;Digital Multiplex&#8221;, we can simplely understand it as a digital protocol. Nowadays, normally DMX is refered to DMX512(support maximum 512 channels, one color each channel), you can learn its more information on wikipedia:\u00a0<a href=\"https:\/\/en.wikipedia.org\/wiki\/DMX512\" target=\"_blank\" rel=\"noopener\">https:\/\/en.wikipedia.org\/wiki\/DMX512<\/a>. Nossa luz pode mostrar muitos efeitos de cores diferentes trabalhando com DMX512, precisamos usar um controlador DMX externo e adicionar pe\u00e7as de hardware \u00e0s luzes. O programa \u00e9 mantido no controlador e o sinal ser\u00e1 enviado \u00e0s luzes para gerar diferentes cores ou efeitos. Nosso holofote RGB suporta controlador DMX512 universal, desde que suporte o protocolo DMX512 padr\u00e3o. Voc\u00ea pode comprar o controlador conosco ou no mercado local.<\/p>\n<h2>\n\t\t3. Posso usar seu holofote RGB sem a fun\u00e7\u00e3o DMX?\n\t<\/h2>\n\t<p>Sim, claro. DMX \u00e9 apenas uma op\u00e7\u00e3o para nossos holofotes RGB. Voc\u00ea pode usar nossas luzes como holofotes RGB normais sem fun\u00e7\u00e3o DMX.<\/p>\n<h2>\n\t\t4. Como usar seu controlador DMX?\n\t<\/h2>\n\t<p>Nosso controlador DMX normal possui cart\u00e3o SD integrado, ele pode executar os programas no cart\u00e3o SD. Por outro lado, nosso controlador tamb\u00e9m pode ser controlado por um software de PC, ao usar este software voc\u00ea pode programar o controlador em tempo real. Tamb\u00e9m temos um controlador que funciona com um aplicativo para celular, voc\u00ea pode entrar em contato conosco para mais informa\u00e7\u00f5es.<\/p>\n<h2>\n\t\t5. Posso usar meu pr\u00f3prio controlador ou compr\u00e1-lo no mercado local?\n\t<\/h2>\n\t<p>Sim, voc\u00ea certamente pode usar seu pr\u00f3prio controlador ou compr\u00e1-lo de empresas locais. Nossos holofotes DMX suportam controladores DMX universais, desde que suportem o protocolo DMX512 padr\u00e3o. Sugerimos que voc\u00ea compre o controlador em seu mercado, se poss\u00edvel, pois \u00e9 mais conveniente para suas empresas locais ensin\u00e1-lo a usar seus controladores.<\/p>\n<h2>\n\t\t6. Como instalar todo o sistema DMX?\n\t<\/h2>\n\t<p>Com base na solu\u00e7\u00e3o, temos tr\u00eas tipos de instala\u00e7\u00f5es para o nosso sistema DMX. Instala\u00e7\u00e3o com fio, instala\u00e7\u00e3o sem fio e instala\u00e7\u00e3o compat\u00edvel.<\/p>\n\t\t\t\t<img decoding=\"async\" src=\"https:\/\/www.dmxfloodlight.com\/wp-content\/uploads\/2024\/10\/wired-dmx-rgb-flood-light-installation-scheme.jpg\" alt=\"wired dmx rgb flood light installation scheme\" itemprop=\"image\" height=\"237\" width=\"800\" title=\"wired dmx rgb flood light installation scheme\" onerror=\"this.style.display='none'\"  \/>\n\t\t\t\t<img decoding=\"async\" src=\"https:\/\/www.dmxfloodlight.com\/wp-content\/uploads\/2024\/10\/wireless-dmx-rgb-flood-light-installation-scheme.jpg\" alt=\"wireless dmx rgb flood light installation scheme\" itemprop=\"image\" height=\"296\" width=\"800\" title=\"wireless dmx rgb flood light installation scheme\" onerror=\"this.style.display='none'\"  \/>\n\t\t\t\t<img decoding=\"async\" src=\"https:\/\/www.dmxfloodlight.com\/wp-content\/uploads\/2024\/10\/wired-and-wireless-compatible-dmx-flood-light-installation-scheme.jpg\" alt=\"wired and wireless compatible dmx flood light installation scheme\" itemprop=\"image\" height=\"227\" width=\"800\" title=\"wired and wireless compatible dmx flood light installation scheme\" onerror=\"this.style.display='none'\"  \/>\n<h2>\n\t\t7. What&#8217;s the maximum number of lights can be connected to one controller?\n\t<\/h2>\n\t<p>It will depend on the distance between the light fixtures and the controller. Normally if the total length of the DMX cables of all lights over 100 meters, we need to a an amplifier.<\/p>\n<h2>\n\t\t8. Voc\u00ea pode criar uma solu\u00e7\u00e3o sem fio?\n\t<\/h2>\n\t<p>Yes, we can make wireless solution. We will add an extra DMX wireless transmitter for the controller and add a wireless receiver for each light. By using this solution, you don&#8217;t need to do the jobs of DMX cables layout. But before using this system, please make sure there are no very big buildings or other obstacles in your application.<\/p>\n<h2>\n\t\t9. For wireless solution, what&#8217;s the maximum distance can I install the light fixture?\n\t<\/h2>\n\t<p>De acordo com nossos dados de teste atuais, a dist\u00e2ncia m\u00e1xima de radia\u00e7\u00e3o do nosso sinal sem fio \u00e9 de 300 a 500 metros.<\/p>\n<h2>\n\t\t10. What&#8217;s the lifespan of your products?\n\t<\/h2>\n\t<p>A vida \u00fatil das nossas luzes LED pode chegar a 50.000 horas em teoria. Mas a vida \u00fatil real ser\u00e1 influenciada pela temperatura ambiente real, pela umidade e pelo h\u00e1bito de uso do usu\u00e1rio final. De acordo com a nossa experi\u00eancia, nossas luzes LED podem ser usadas de 6 a 10 anos ou mais.<\/p>\n<h2>\n\t\t11. Quantos anos de garantia voc\u00ea oferece e quais s\u00e3o os termos da sua pol\u00edtica de garantia?\n\t<\/h2>\n\t<p>Normalmente oferecemos 3 ou 5 anos de garantia. Durante o per\u00edodo de garantia, enviaremos novos produtos ou novas pe\u00e7as para substitui\u00e7\u00e3o caso haja alguma falha. Voc\u00ea pode vir at\u00e9 n\u00f3s sempre que encontrar algum problema.<\/p>\n<h2>\n\t\t12. What&#8217;s your payment term and how can I make the payment?\n\t<\/h2>\n\t<p>Normalmente nosso prazo de pagamento \u00e9 dep\u00f3sito e saldo T\/T 30% antes do envio. Para pequenas quantias (como menos de 500 USD), voc\u00ea pode pagar via Paypal, Western Union ou MoneyGram. Mas para grandes quantias, aceitaremos transfer\u00eancia banc\u00e1ria. Aceitamos diferentes tipos de moeda, incluindo USD, Euro, GBP, RMB, HKD, YEN, etc.<\/p>\n<h2>\n\t\t13. What&#8217;s your delivery time and the way of shipment?\n\t<\/h2>\n\t<p>Normalmente o prazo de entrega da nossa amostra \u00e9 de 4 a 7 dias e o pedido normal \u00e9 de 10 a 20 dias, dependendo da quantidade real do seu pedido. Providenciaremos o envio por expresso a\u00e9reo (porta a porta), frete a\u00e9reo normal (para o aeroporto local), frete mar\u00edtimo (para o porto local) ou algumas formas especiais de envio com taxas de acordo com a situa\u00e7\u00e3o real.<\/p>\n<h2>\n\t\t14. I still have other questions &#8230;\n\t<\/h2>\n\t<p>Se voc\u00ea ainda tiver outras d\u00favidas sobre nossa empresa ou produtos de luz LED, por favor <a href=\"https:\/\/www.dmxfloodlight.com\/pt\/contact-us\/\">Contate-nos<\/a> diretamente, voc\u00ea receber\u00e1 nossa resposta em pouco tempo.<\/p>\nE-mail: <a href=\"mailto:sales@cyreelighting.com\">sales@cyreelighting.com<\/a><br \/>\nWhatsApp\/Wechat: +8618011802260<br \/>\nSkype: Jerrygeram","protected":false},"excerpt":{"rendered":"<p>Frequently Asked Question 1. Where are you located and how to buy your RGB LED lights? We are a leading LED light manufacturer and exporter located in Guangdong, China. You can easily buy our LED lights no matter where you are. Firstly, please send us an inquiry to tell us your requirement on our website [&hellip;]<\/p>","protected":false},"author":1,"featured_media":0,"parent":0,"menu_order":0,"comment_status":"closed","ping_status":"closed","template":"","meta":{"footnotes":""},"class_list":["post-26","page","type-page","status-publish","hentry","wpbf-post"],"yoast_head":"<!-- This site is optimized with the Yoast SEO Premium plugin v22.4 (Yoast SEO v22.4) - https:\/\/yoast.com\/wordpress\/plugins\/seo\/ -->\n<title>FAQ - Best Outdoor RGB RGBW DMX LED Flood Light<\/title>\n<meta name=\"description\" content=\"China Factory Wholesale Outdoor RGB RGBW DMX LED Flood Light. Custom DMX\/DMX512, Wireless, RF Remote &amp; App Control Solutions! 5 Years Warranty! Contact Us Now!\" \/>\n<meta name=\"robots\" content=\"index, follow, max-snippet:-1, max-image-preview:large, max-video-preview:-1\" \/>\n<link rel=\"canonical\" href=\"https:\/\/www.dmxfloodlight.com\/pt\/faq\/\" \/>\n<meta property=\"og:locale\" content=\"pt_PT\" \/>\n<meta property=\"og:type\" content=\"article\" \/>\n<meta property=\"og:title\" content=\"FAQ - RGB \/ RGBW DMX LED Flood Light\" \/>\n<meta property=\"og:description\" content=\"China Factory Wholesale Outdoor RGB RGBW DMX LED Flood Light. Custom DMX\/DMX512, Wireless, RF Remote &amp; App Control Solutions! 5 Years Warranty! Contact Us Now!\" \/>\n<meta property=\"og:url\" content=\"https:\/\/www.dmxfloodlight.com\/pt\/faq\/\" \/>\n<meta property=\"og:site_name\" content=\"DMX Flood Light\" \/>\n<meta property=\"article:publisher\" content=\"https:\/\/www.facebook.com\/jerrygeram\" \/>\n<meta property=\"article:modified_time\" content=\"2025-12-11T06:03:44+00:00\" \/>\n<meta property=\"og:image\" content=\"https:\/\/www.dmxfloodlight.com\/wp-content\/uploads\/2024\/10\/wired-dmx-rgb-flood-light-installation-scheme.jpg\" \/>\n<meta name=\"twitter:card\" content=\"summary_large_image\" \/>\n<meta name=\"twitter:label1\" content=\"Est. reading time\" \/>\n\t<meta name=\"twitter:data1\" content=\"4 minutes\" \/>\n<script type=\"application\/ld+json\" class=\"yoast-schema-graph\">{\"@context\":\"https:\/\/schema.org\",\"@graph\":[{\"@type\":\"WebPage\",\"@id\":\"https:\/\/www.dmxfloodlight.com\/faq\/\",\"url\":\"https:\/\/www.dmxfloodlight.com\/faq\/\",\"name\":\"FAQ - Best Outdoor RGB RGBW DMX LED Flood Light\",\"isPartOf\":{\"@id\":\"https:\/\/www.dmxfloodlight.com\/#website\"},\"primaryImageOfPage\":{\"@id\":\"https:\/\/www.dmxfloodlight.com\/faq\/#primaryimage\"},\"image\":{\"@id\":\"https:\/\/www.dmxfloodlight.com\/faq\/#primaryimage\"},\"thumbnailUrl\":\"https:\/\/www.dmxfloodlight.com\/wp-content\/uploads\/2024\/10\/wired-dmx-rgb-flood-light-installation-scheme.jpg\",\"datePublished\":\"2020-09-22T01:26:03+00:00\",\"dateModified\":\"2025-12-11T06:03:44+00:00\",\"description\":\"China Factory Wholesale Outdoor RGB RGBW DMX LED Flood Light. Custom DMX\/DMX512, Wireless, RF Remote & App Control Solutions! 5 Years Warranty! Contact Us Now!\",\"breadcrumb\":{\"@id\":\"https:\/\/www.dmxfloodlight.com\/faq\/#breadcrumb\"},\"inLanguage\":\"pt-PT\",\"potentialAction\":[{\"@type\":\"ReadAction\",\"target\":[\"https:\/\/www.dmxfloodlight.com\/faq\/\"]}]},{\"@type\":\"ImageObject\",\"inLanguage\":\"pt-PT\",\"@id\":\"https:\/\/www.dmxfloodlight.com\/faq\/#primaryimage\",\"url\":\"https:\/\/www.dmxfloodlight.com\/wp-content\/uploads\/2024\/10\/wired-dmx-rgb-flood-light-installation-scheme.jpg\",\"contentUrl\":\"https:\/\/www.dmxfloodlight.com\/wp-content\/uploads\/2024\/10\/wired-dmx-rgb-flood-light-installation-scheme.jpg\"},{\"@type\":\"BreadcrumbList\",\"@id\":\"https:\/\/www.dmxfloodlight.com\/faq\/#breadcrumb\",\"itemListElement\":[{\"@type\":\"ListItem\",\"position\":1,\"name\":\"Home\",\"item\":\"https:\/\/www.dmxfloodlight.com\/\"},{\"@type\":\"ListItem\",\"position\":2,\"name\":\"FAQ &#8211; RGB \/ RGBW DMX LED Flood Light\"}]},{\"@type\":\"WebSite\",\"@id\":\"https:\/\/www.dmxfloodlight.com\/#website\",\"url\":\"https:\/\/www.dmxfloodlight.com\/\",\"name\":\"DMX Flood Light\",\"description\":\"DMX LED flood light manufacturer\",\"publisher\":{\"@id\":\"https:\/\/www.dmxfloodlight.com\/#organization\"},\"potentialAction\":[{\"@type\":\"SearchAction\",\"target\":{\"@type\":\"EntryPoint\",\"urlTemplate\":\"https:\/\/www.dmxfloodlight.com\/?s={search_term_string}\"},\"query-input\":\"required name=search_term_string\"}],\"inLanguage\":\"pt-PT\"},{\"@type\":\"Organization\",\"@id\":\"https:\/\/www.dmxfloodlight.com\/#organization\",\"name\":\"GERAM Lighting\",\"url\":\"https:\/\/www.dmxfloodlight.com\/\",\"logo\":{\"@type\":\"ImageObject\",\"inLanguage\":\"pt-PT\",\"@id\":\"https:\/\/www.dmxfloodlight.com\/#\/schema\/logo\/image\/\",\"url\":\"https:\/\/www.dmxfloodlight.com\/wp-content\/uploads\/2020\/09\/rgb-rgbw-dmx-led-flood-light-favicon.png\",\"contentUrl\":\"https:\/\/www.dmxfloodlight.com\/wp-content\/uploads\/2020\/09\/rgb-rgbw-dmx-led-flood-light-favicon.png\",\"width\":512,\"height\":512,\"caption\":\"GERAM Lighting\"},\"image\":{\"@id\":\"https:\/\/www.dmxfloodlight.com\/#\/schema\/logo\/image\/\"},\"sameAs\":[\"https:\/\/www.facebook.com\/jerrygeram\"]}]}<\/script>\n<!-- \/ Yoast SEO Premium plugin. -->","yoast_head_json":{"title":"FAQ - Best Outdoor RGB RGBW DMX LED Flood Light","description":"China Factory Wholesale Outdoor RGB RGBW DMX LED Flood Light. Custom DMX\/DMX512, Wireless, RF Remote & App Control Solutions! 5 Years Warranty! Contact Us Now!","robots":{"index":"index","follow":"follow","max-snippet":"max-snippet:-1","max-image-preview":"max-image-preview:large","max-video-preview":"max-video-preview:-1"},"canonical":"https:\/\/www.dmxfloodlight.com\/pt\/faq\/","og_locale":"pt_PT","og_type":"article","og_title":"FAQ - RGB \/ RGBW DMX LED Flood Light","og_description":"China Factory Wholesale Outdoor RGB RGBW DMX LED Flood Light. Custom DMX\/DMX512, Wireless, RF Remote & App Control Solutions! 5 Years Warranty! Contact Us Now!","og_url":"https:\/\/www.dmxfloodlight.com\/pt\/faq\/","og_site_name":"DMX Flood Light","article_publisher":"https:\/\/www.facebook.com\/jerrygeram","article_modified_time":"2025-12-11T06:03:44+00:00","og_image":[{"url":"https:\/\/www.dmxfloodlight.com\/wp-content\/uploads\/2024\/10\/wired-dmx-rgb-flood-light-installation-scheme.jpg"}],"twitter_card":"summary_large_image","twitter_misc":{"Est. reading time":"4 minutes"},"schema":{"@context":"https:\/\/schema.org","@graph":[{"@type":"WebPage","@id":"https:\/\/www.dmxfloodlight.com\/faq\/","url":"https:\/\/www.dmxfloodlight.com\/faq\/","name":"FAQ - Best Outdoor RGB RGBW DMX LED Flood Light","isPartOf":{"@id":"https:\/\/www.dmxfloodlight.com\/#website"},"primaryImageOfPage":{"@id":"https:\/\/www.dmxfloodlight.com\/faq\/#primaryimage"},"image":{"@id":"https:\/\/www.dmxfloodlight.com\/faq\/#primaryimage"},"thumbnailUrl":"https:\/\/www.dmxfloodlight.com\/wp-content\/uploads\/2024\/10\/wired-dmx-rgb-flood-light-installation-scheme.jpg","datePublished":"2020-09-22T01:26:03+00:00","dateModified":"2025-12-11T06:03:44+00:00","description":"China Factory Wholesale Outdoor RGB RGBW DMX LED Flood Light. Custom DMX\/DMX512, Wireless, RF Remote & App Control Solutions! 5 Years Warranty! Contact Us Now!","breadcrumb":{"@id":"https:\/\/www.dmxfloodlight.com\/faq\/#breadcrumb"},"inLanguage":"pt-PT","potentialAction":[{"@type":"ReadAction","target":["https:\/\/www.dmxfloodlight.com\/faq\/"]}]},{"@type":"ImageObject","inLanguage":"pt-PT","@id":"https:\/\/www.dmxfloodlight.com\/faq\/#primaryimage","url":"https:\/\/www.dmxfloodlight.com\/wp-content\/uploads\/2024\/10\/wired-dmx-rgb-flood-light-installation-scheme.jpg","contentUrl":"https:\/\/www.dmxfloodlight.com\/wp-content\/uploads\/2024\/10\/wired-dmx-rgb-flood-light-installation-scheme.jpg"},{"@type":"BreadcrumbList","@id":"https:\/\/www.dmxfloodlight.com\/faq\/#breadcrumb","itemListElement":[{"@type":"ListItem","position":1,"name":"Home","item":"https:\/\/www.dmxfloodlight.com\/"},{"@type":"ListItem","position":2,"name":"FAQ &#8211; RGB \/ RGBW DMX LED Flood Light"}]},{"@type":"WebSite","@id":"https:\/\/www.dmxfloodlight.com\/#website","url":"https:\/\/www.dmxfloodlight.com\/","name":"DMX Flood Light","description":"DMX LED flood light manufacturer","publisher":{"@id":"https:\/\/www.dmxfloodlight.com\/#organization"},"potentialAction":[{"@type":"SearchAction","target":{"@type":"EntryPoint","urlTemplate":"https:\/\/www.dmxfloodlight.com\/?s={search_term_string}"},"query-input":"required name=search_term_string"}],"inLanguage":"pt-PT"},{"@type":"Organization","@id":"https:\/\/www.dmxfloodlight.com\/#organization","name":"GERAM Lighting","url":"https:\/\/www.dmxfloodlight.com\/","logo":{"@type":"ImageObject","inLanguage":"pt-PT","@id":"https:\/\/www.dmxfloodlight.com\/#\/schema\/logo\/image\/","url":"https:\/\/www.dmxfloodlight.com\/wp-content\/uploads\/2020\/09\/rgb-rgbw-dmx-led-flood-light-favicon.png","contentUrl":"https:\/\/www.dmxfloodlight.com\/wp-content\/uploads\/2020\/09\/rgb-rgbw-dmx-led-flood-light-favicon.png","width":512,"height":512,"caption":"GERAM Lighting"},"image":{"@id":"https:\/\/www.dmxfloodlight.com\/#\/schema\/logo\/image\/"},"sameAs":["https:\/\/www.facebook.com\/jerrygeram"]}]}},"_links":{"self":[{"href":"https:\/\/www.dmxfloodlight.com\/pt\/wp-json\/wp\/v2\/pages\/26","targetHints":{"allow":["GET"]}}],"collection":[{"href":"https:\/\/www.dmxfloodlight.com\/pt\/wp-json\/wp\/v2\/pages"}],"about":[{"href":"https:\/\/www.dmxfloodlight.com\/pt\/wp-json\/wp\/v2\/types\/page"}],"author":[{"embeddable":true,"href":"https:\/\/www.dmxfloodlight.com\/pt\/wp-json\/wp\/v2\/users\/1"}],"replies":[{"embeddable":true,"href":"https:\/\/www.dmxfloodlight.com\/pt\/wp-json\/wp\/v2\/comments?post=26"}],"version-history":[{"count":0,"href":"https:\/\/www.dmxfloodlight.com\/pt\/wp-json\/wp\/v2\/pages\/26\/revisions"}],"wp:attachment":[{"href":"https:\/\/www.dmxfloodlight.com\/pt\/wp-json\/wp\/v2\/media?parent=26"}],"curies":[{"name":"wp","href":"https:\/\/api.w.org\/{rel}","templated":true}]}}