{"id":256,"date":"2020-09-25T03:26:52","date_gmt":"2020-09-25T03:26:52","guid":{"rendered":"https:\/\/www.dmxfloodlight.com\/?page_id=256"},"modified":"2024-03-25T10:28:35","modified_gmt":"2024-03-25T02:28:35","slug":"dmx-led-flood-light","status":"publish","type":"page","link":"https:\/\/www.dmxfloodlight.com\/pl\/dmx-led-flood-light\/","title":{"rendered":"\u015awiat\u0142o powodziowe LED DMX"},"content":{"rendered":"<p><a title=\"Factory Direct Sale 100W RGB RGBW DMX \u015awiat\u0142o powodziowe LED\" href=\"https:\/\/www.dmxfloodlight.com\/pl\/100w-dmx-led-flood-light\/\" target=\"_self\" rel=\"noopener noreferrer\"> <img decoding=\"async\" src=\"https:\/\/www.dmxfloodlight.com\/wp-content\/uploads\/2020\/10\/100w-rgb-rgbw-dmx-led-flood-light-0.jpg\" alt=\"Reflektor ledowy rgb rgbw dmx o mocy 100 w\" \/> <\/a><\/p>\r\n<h3><a tabindex=\"0\" title=\"Factory Direct Sale 100W RGB RGBW DMX \u015awiat\u0142o powodziowe LED\" href=\"https:\/\/www.dmxfloodlight.com\/pl\/100w-dmx-led-flood-light\/\">Factory Direct Sale 100W RGB RGBW DMX \u015awiat\u0142o powodziowe LED<\/a><\/h3>\r\n<p>Factory Direct Sale 100W RGB RGBW DMX LED Flood Light SKU: ZL-FL-JD100 \u272a Power: 100W.\u272a Using CREE brand &#8230; <a href=\"https:\/\/www.dmxfloodlight.com\/pl\/100w-dmx-led-flood-light\/\" target=\"_self\" rel=\"noopener noreferrer\">Read More &gt;&gt; \u2192<\/a> <a title=\"Gor\u0105ca sprzeda\u017c wielokolorowe \u015bwiat\u0142o powodziowe LED RGB RGBW DMX o mocy 200 W\" href=\"https:\/\/www.dmxfloodlight.com\/pl\/200w-dmx-led-flood-light\/\" target=\"_self\" rel=\"noopener noreferrer\"> <img decoding=\"async\" src=\"https:\/\/www.dmxfloodlight.com\/wp-content\/uploads\/2020\/10\/200w-rgb-rgbw-dmx-led-flood-light-0.jpg\" alt=\"Reflektor led rgb rgbw dmx o mocy 200 w\" \/> <\/a><\/p>\r\n<h3><a tabindex=\"0\" title=\"Gor\u0105ca sprzeda\u017c wielokolorowe \u015bwiat\u0142o powodziowe LED RGB RGBW DMX o mocy 200 W\" href=\"https:\/\/www.dmxfloodlight.com\/pl\/200w-dmx-led-flood-light\/\">Gor\u0105ca sprzeda\u017c wielokolorowe \u015bwiat\u0142o powodziowe LED RGB RGBW DMX o mocy 200 W<\/a><\/h3>\r\n<p>Hot Sale Multi Colored 200W RGB RGBW DMX LED Flood Light SKU: ZL-FL-JD200 \u272a Power: 200W.\u272a Using CREE &#8230; <a href=\"https:\/\/www.dmxfloodlight.com\/pl\/200w-dmx-led-flood-light\/\" target=\"_self\" rel=\"noopener noreferrer\">Read More &gt;&gt; \u2192<\/a> <a title=\"Najlepsze \u015bwiat\u0142o powodziowe LED RGB RGBW DMX o mocy 300 W zmieniaj\u0105ce kolor\" href=\"https:\/\/www.dmxfloodlight.com\/pl\/300w-dmx-led-flood-light\/\" target=\"_self\" rel=\"noopener noreferrer\"> <img decoding=\"async\" src=\"https:\/\/www.dmxfloodlight.com\/wp-content\/uploads\/2020\/10\/300w-rgb-rgbw-dmx-led-flood-light-0.jpg\" alt=\"Reflektor led rgb rgbw dmx o mocy 300 w\" \/> <\/a><\/p>\r\n<h3><a tabindex=\"0\" title=\"Najlepsze \u015bwiat\u0142o powodziowe LED RGB RGBW DMX o mocy 300 W zmieniaj\u0105ce kolor\" href=\"https:\/\/www.dmxfloodlight.com\/pl\/300w-dmx-led-flood-light\/\">Najlepsze \u015bwiat\u0142o powodziowe LED RGB RGBW DMX o mocy 300 W zmieniaj\u0105ce kolor<\/a><\/h3>\r\n<p>Best Color Changing 300W RGB RGBW DMX LED Flood Light SKU: ZL-FL-JD300 \u272a Power: 300W.\u272a Using CREE brand &#8230; <a href=\"https:\/\/www.dmxfloodlight.com\/pl\/300w-dmx-led-flood-light\/\" target=\"_self\" rel=\"noopener noreferrer\">Read More &gt;&gt; \u2192<\/a> <a title=\"Zewn\u0119trzne o\u015bwietlenie LED o du\u017cej mocy 500 W RGB RGBW DMX\" href=\"https:\/\/www.dmxfloodlight.com\/pl\/500w-dmx-led-flood-light\/\" target=\"_self\" rel=\"noopener noreferrer\"> <img decoding=\"async\" src=\"https:\/\/www.dmxfloodlight.com\/wp-content\/uploads\/2020\/10\/500w-rgb-rgbw-dmx-led-flood-light-0.jpg\" alt=\"Reflektor ledowy rgb rgbw dmx o mocy 500 w\" \/> <\/a><\/p>\r\n<h3><a tabindex=\"0\" title=\"Zewn\u0119trzne o\u015bwietlenie LED o du\u017cej mocy 500 W RGB RGBW DMX\" href=\"https:\/\/www.dmxfloodlight.com\/pl\/500w-dmx-led-flood-light\/\">Zewn\u0119trzne o\u015bwietlenie LED o du\u017cej mocy 500 W RGB RGBW DMX<\/a><\/h3>\r\n<p>Outdoor High Power 500W RGB RGBW DMX LED Flood Light SKU: ZL-FL-JD500 \u272a Power: 500W.\u272a Using CREE brand &#8230; <a href=\"https:\/\/www.dmxfloodlight.com\/pl\/500w-dmx-led-flood-light\/\" target=\"_self\" rel=\"noopener noreferrer\">Read More &gt;&gt; \u2192<\/a> <a title=\"Wysoki maszt 800W 1000W RGB RGBW DMX \u015awiat\u0142o powodziowe LED\" href=\"https:\/\/www.dmxfloodlight.com\/pl\/800w-1000w-dmx-led-flood-light\/\" target=\"_self\" rel=\"noopener noreferrer\"> <img decoding=\"async\" src=\"https:\/\/www.dmxfloodlight.com\/wp-content\/uploads\/2020\/10\/800w-1000w-rgb-rgbw-dmx-led-flood-light-0.jpg\" alt=\"Reflektor ledowy 800w 1000w rgb rgbw dmx\" \/> <\/a><\/p>\r\n<h3><a tabindex=\"0\" title=\"Wysoki maszt 800W 1000W RGB RGBW DMX \u015awiat\u0142o powodziowe LED\" href=\"https:\/\/www.dmxfloodlight.com\/pl\/800w-1000w-dmx-led-flood-light\/\">Wysoki maszt 800W 1000W RGB RGBW DMX \u015awiat\u0142o powodziowe LED<\/a><\/h3>\r\n<p>High Mast 800W 1000W RGB RGBW DMX LED Flood Light SKU: ZL-FL-JD800~JD1000 \u272a Power: 800W\/1000W.\u272a Using CREE brand &#8230; <a href=\"https:\/\/www.dmxfloodlight.com\/pl\/800w-1000w-dmx-led-flood-light\/\" target=\"_self\" rel=\"noopener noreferrer\">Read More &gt;&gt; \u2192<\/a> <a title=\"Programowalny reflektor LED RGB RGBW DMX512 o mocy 100 W\" href=\"https:\/\/www.dmxfloodlight.com\/pl\/100w-dmx512-led-flood-light\/\" target=\"_self\" rel=\"noopener noreferrer\"> <img decoding=\"async\" src=\"https:\/\/www.dmxfloodlight.com\/wp-content\/uploads\/2020\/10\/100w-rgb-rgbw-dmx512-led-flood-light-0.jpg\" alt=\"Reflektor ledowy rgb rgbw dmx512 o mocy 100 w\" \/> <\/a><\/p>\r\n<h3><a tabindex=\"0\" title=\"Programowalny reflektor LED RGB RGBW DMX512 o mocy 100 W\" href=\"https:\/\/www.dmxfloodlight.com\/pl\/100w-dmx512-led-flood-light\/\">Programowalny reflektor LED RGB RGBW DMX512 o mocy 100 W<\/a><\/h3>\r\n<p>Programmable 100W RGB RGBW DMX512 LED Flood Light SKU: ZL-FL-JD100 \u272a Power: 100W.\u272a Using CREE brand RGB \/ &#8230; <a href=\"https:\/\/www.dmxfloodlight.com\/pl\/100w-dmx512-led-flood-light\/\" target=\"_self\" rel=\"noopener noreferrer\">Read More &gt;&gt; \u2192<\/a> <a title=\"Wielokolorowe \u015bwiat\u0142o powodziowe LED RGB RGBW DMX512 o mocy 200 W\" href=\"https:\/\/www.dmxfloodlight.com\/pl\/200w-dmx512-led-flood-light\/\" target=\"_self\" rel=\"noopener noreferrer\"> <img decoding=\"async\" src=\"https:\/\/www.dmxfloodlight.com\/wp-content\/uploads\/2020\/10\/200w-rgb-rgbw-dmx512-led-flood-light-0.jpg\" alt=\"Reflektor ledowy rgb rgbw dmx512 o mocy 200 w\" \/> <\/a><\/p>\r\n<h3><a tabindex=\"0\" title=\"Wielokolorowe \u015bwiat\u0142o powodziowe LED RGB RGBW DMX512 o mocy 200 W\" href=\"https:\/\/www.dmxfloodlight.com\/pl\/200w-dmx512-led-flood-light\/\">Wielokolorowe \u015bwiat\u0142o powodziowe LED RGB RGBW DMX512 o mocy 200 W<\/a><\/h3>\r\n<p>Multi Coloured 200W RGB RGBW DMX512 LED Flood Light SKU: ZL-FL-JD200 \u272a Power: 200W.\u272a Using CREE brand RGB &#8230; <a href=\"https:\/\/www.dmxfloodlight.com\/pl\/200w-dmx512-led-flood-light\/\" target=\"_self\" rel=\"noopener noreferrer\">Read More &gt;&gt; \u2192<\/a> <a title=\"Zewn\u0119trzna bezprzewodowa lampa powodziowa LED RGB RGBW DMX512 o mocy 300 W\" href=\"https:\/\/www.dmxfloodlight.com\/pl\/300w-dmx512-led-flood-light\/\" target=\"_self\" rel=\"noopener noreferrer\"> <img decoding=\"async\" src=\"https:\/\/www.dmxfloodlight.com\/wp-content\/uploads\/2020\/10\/300w-rgb-rgbw-dmx512-led-flood-light-0.jpg\" alt=\"Reflektor ledowy rgb rgbw dmx512 o mocy 300 w\" \/> <\/a><\/p>\r\n<h3><a tabindex=\"0\" title=\"Zewn\u0119trzna bezprzewodowa lampa powodziowa LED RGB RGBW DMX512 o mocy 300 W\" href=\"https:\/\/www.dmxfloodlight.com\/pl\/300w-dmx512-led-flood-light\/\">Zewn\u0119trzna bezprzewodowa lampa powodziowa LED RGB RGBW DMX512 o mocy 300 W<\/a><\/h3>\r\n<p>Exterior Wireless 300W RGB RGBW DMX512 LED Flood Light SKU: ZL-FL-JD300 \u272a Power: 300W.\u272a Using CREE brand RGB &#8230; <a href=\"https:\/\/www.dmxfloodlight.com\/pl\/300w-dmx512-led-flood-light\/\" target=\"_self\" rel=\"noopener noreferrer\">Read More &gt;&gt; \u2192<\/a> <a title=\"Komercyjne o\u015bwietlenie LED IP66 500 W RGB RGBW DMX512\" href=\"https:\/\/www.dmxfloodlight.com\/pl\/500w-dmx512-led-flood-light\/\" target=\"_self\" rel=\"noopener noreferrer\"> <img decoding=\"async\" src=\"https:\/\/www.dmxfloodlight.com\/wp-content\/uploads\/2020\/10\/500w-rgb-rgbw-dmx512-led-flood-light-0.jpg\" alt=\"Reflektor ledowy rgb rgbw dmx512 o mocy 500 w\" \/> <\/a><\/p>\r\n<h3><a tabindex=\"0\" title=\"Komercyjne o\u015bwietlenie LED IP66 500 W RGB RGBW DMX512\" href=\"https:\/\/www.dmxfloodlight.com\/pl\/500w-dmx512-led-flood-light\/\">Komercyjne o\u015bwietlenie LED IP66 500 W RGB RGBW DMX512<\/a><\/h3>\r\n<p>Commercial IP66 500W RGB RGBW DMX512 LED Flood Light SKU: ZL-FL-JD500 \u272a Power: 500W. \u272a Using CREE brand &#8230; <a href=\"https:\/\/www.dmxfloodlight.com\/pl\/500w-dmx512-led-flood-light\/\" target=\"_self\" rel=\"noopener noreferrer\">Read More &gt;&gt; \u2192<\/a> <a title=\"Hurtownia \u015bwiat\u0142a powodziowego LED 800 W 1000 W RGB RGBW DMX512\" href=\"https:\/\/www.dmxfloodlight.com\/pl\/800w-1000w-dmx512-led-flood-light\/\" target=\"_self\" rel=\"noopener noreferrer\"> <img decoding=\"async\" src=\"https:\/\/www.dmxfloodlight.com\/wp-content\/uploads\/2020\/10\/800w-1000w-rgb-rgbw-dmx512-led-flood-light-0.jpg\" alt=\"Reflektor ledowy 800w 1000w rgb rgbw dmx512\" \/> <\/a><\/p>\r\n<h3><a tabindex=\"0\" title=\"Hurtownia \u015bwiat\u0142a powodziowego LED 800 W 1000 W RGB RGBW DMX512\" href=\"https:\/\/www.dmxfloodlight.com\/pl\/800w-1000w-dmx512-led-flood-light\/\">Hurtownia \u015bwiat\u0142a powodziowego LED 800 W 1000 W RGB RGBW DMX512<\/a><\/h3>\r\n<p>Wholesale 800W 1000W RGB RGBW DMX512 LED Flood Light SKU: ZL-FL-JD800~JD1000 \u272a Power: 800W\/1000W.\u272a Using CREE brand RGB &#8230; <a href=\"https:\/\/www.dmxfloodlight.com\/pl\/800w-1000w-dmx512-led-flood-light\/\" target=\"_self\" rel=\"noopener noreferrer\">Read More &gt;&gt; \u2192<\/a> <a title=\"Bezprzewodowe o\u015bwietlenie LED RGB RGBW DMX DMX512 o mocy 500 W\" href=\"https:\/\/www.dmxfloodlight.com\/pl\/500-watt-dmx-led-flood-light\/\" target=\"_self\" rel=\"noopener noreferrer\"> <img decoding=\"async\" src=\"https:\/\/www.dmxfloodlight.com\/wp-content\/uploads\/2020\/10\/500-watt-rgb-rgbw-dmx-dmx512-led-flood-light-0.jpg\" alt=\"Reflektor ledowy rgb rgbw dmx dmx512 o mocy 500 wat\u00f3w\" \/> <\/a><\/p>\r\n<h3><a tabindex=\"0\" title=\"Bezprzewodowe o\u015bwietlenie LED RGB RGBW DMX DMX512 o mocy 500 W\" href=\"https:\/\/www.dmxfloodlight.com\/pl\/500-watt-dmx-led-flood-light\/\">Bezprzewodowe o\u015bwietlenie LED RGB RGBW DMX DMX512 o mocy 500 W<\/a><\/h3>\r\n<p>Cordless 500 Watt RGB RGBW DMX DMX512 LED Flood Light SKU: ZL-FL-JD500 \u272a Power: 500 Watt.\u272a Using CREE &#8230; <a href=\"https:\/\/www.dmxfloodlight.com\/pl\/500-watt-dmx-led-flood-light\/\" target=\"_self\" rel=\"noopener noreferrer\">Read More &gt;&gt; \u2192<\/a> <a title=\"\u015awiat\u0142o powodziowe LED o mocy 800 W i mocy 1000 W RGB RGBW DMX DMX512\" href=\"https:\/\/www.dmxfloodlight.com\/pl\/800-1000-watt-dmx-led-flood-light\/\" target=\"_self\" rel=\"noopener noreferrer\"> <img decoding=\"async\" src=\"https:\/\/www.dmxfloodlight.com\/wp-content\/uploads\/2020\/10\/800-watt-1000-watt-rgb-rgbw-dmx-dmx512-led-flood-light-0.jpg\" alt=\"800 watowy 1000 watowy rgb rgbw dmx dmx512 reflektor led\" \/> <\/a><\/p>\r\n<h3><a tabindex=\"0\" title=\"\u015awiat\u0142o powodziowe LED o mocy 800 W i mocy 1000 W RGB RGBW DMX DMX512\" href=\"https:\/\/www.dmxfloodlight.com\/pl\/800-1000-watt-dmx-led-flood-light\/\">\u015awiat\u0142o powodziowe LED o mocy 800 W i mocy 1000 W RGB RGBW DMX DMX512<\/a><\/h3>\r\n<p>800 Watt 1000 Watt RGB RGBW DMX DMX512 LED Flood Light SKU: ZL-FL-JD800~JD1000 \u272a Power: 800 Watt\/1000 Watt.\u272a &#8230; <a href=\"https:\/\/www.dmxfloodlight.com\/pl\/800-1000-watt-dmx-led-flood-light\/\" target=\"_self\" rel=\"noopener noreferrer\">Read More &gt;&gt; \u2192<\/a> <a title=\"Najlepsza cena Zewn\u0119trzna lampa powodziowa LED RGB RGBW DMX o mocy 100 W\" href=\"https:\/\/www.dmxfloodlight.com\/pl\/100-watt-dmx-led-flood-light\/\" target=\"_self\" rel=\"noopener noreferrer\"> <img decoding=\"async\" src=\"https:\/\/www.dmxfloodlight.com\/wp-content\/uploads\/2020\/10\/100-watt-rgb-rgbw-dmx-led-flood-light-0.jpg\" alt=\"Reflektor led rgb rgbw dmx o mocy 100 wat\u00f3w\" \/> <\/a><\/p>\r\n<h3><a tabindex=\"0\" title=\"Najlepsza cena Zewn\u0119trzna lampa powodziowa LED RGB RGBW DMX o mocy 100 W\" href=\"https:\/\/www.dmxfloodlight.com\/pl\/100-watt-dmx-led-flood-light\/\">Najlepsza cena Zewn\u0119trzna lampa powodziowa LED RGB RGBW DMX o mocy 100 W<\/a><\/h3>\r\n<p>Best Price Outdoor 100 Watt RGB RGBW DMX LED Flood Light SKU: ZL-FL-J100 \u272a Power: 100W. \u272a Using &#8230; <a href=\"https:\/\/www.dmxfloodlight.com\/pl\/100-watt-dmx-led-flood-light\/\" target=\"_self\" rel=\"noopener noreferrer\">Read More &gt;&gt; \u2192<\/a> <a title=\"Reflektor LED RGB RGBW DMX o mocy 200 W \u2013 5 lat gwarancji\" href=\"https:\/\/www.dmxfloodlight.com\/pl\/200-watt-dmx-led-flood-light\/\" target=\"_self\" rel=\"noopener noreferrer\"> <img decoding=\"async\" src=\"https:\/\/www.dmxfloodlight.com\/wp-content\/uploads\/2020\/10\/200-watt-rgb-rgbw-dmx-led-flood-light-0.jpg\" alt=\"Reflektor led rgb rgbw dmx o mocy 200 wat\u00f3w\" \/> <\/a><\/p>\r\n<h3><a tabindex=\"0\" title=\"Reflektor LED RGB RGBW DMX o mocy 200 W \u2013 5 lat gwarancji\" href=\"https:\/\/www.dmxfloodlight.com\/pl\/200-watt-dmx-led-flood-light\/\">Reflektor LED RGB RGBW DMX o mocy 200 W \u2013 5 lat gwarancji<\/a><\/h3>\r\n<p>200 Watt RGB RGBW DMX Led Flood Light &#8211; 5 Years Warranty SKU: ZL-FL-J200 \u272a Power: 200W. \u272a &#8230; <a href=\"https:\/\/www.dmxfloodlight.com\/pl\/200-watt-dmx-led-flood-light\/\" target=\"_self\" rel=\"noopener noreferrer\">Read More &gt;&gt; \u2192<\/a> <a title=\"Reflektor LED RGB RGBW DMX o mocy 300 W ze sterowaniem za pomoc\u0105 aplikacji\" href=\"https:\/\/www.dmxfloodlight.com\/pl\/300-watt-dmx-led-flood-light\/\" target=\"_self\" rel=\"noopener noreferrer\"> <img decoding=\"async\" src=\"https:\/\/www.dmxfloodlight.com\/wp-content\/uploads\/2020\/10\/300-watt-rgb-rgbw-dmx-led-flood-light-0.jpg\" alt=\"Reflektor led rgb rgbw dmx o mocy 300 wat\u00f3w\" \/> <\/a><\/p>\r\n<h3><a tabindex=\"0\" title=\"Reflektor LED RGB RGBW DMX o mocy 300 W ze sterowaniem za pomoc\u0105 aplikacji\" href=\"https:\/\/www.dmxfloodlight.com\/pl\/300-watt-dmx-led-flood-light\/\">Reflektor LED RGB RGBW DMX o mocy 300 W ze sterowaniem za pomoc\u0105 aplikacji<\/a><\/h3>\r\n<p>300 Watt RGB RGBW DMX LED Flood Light With App Control SKU: ZL-FL-J300 \u272a Power: 300W. \u272a Using &#8230; <a href=\"https:\/\/www.dmxfloodlight.com\/pl\/300-watt-dmx-led-flood-light\/\" target=\"_self\" rel=\"noopener noreferrer\">Read More &gt;&gt; \u2192<\/a><\/p>\r\n<ul class=\"page-numbers\">\r\n<li>1<\/li>\r\n<li><a href=\"https:\/\/www.dmxfloodlight.com\/pl\/dmx-led-flood-light\/page\/2\/?fl_builder\">2<\/a><\/li>\r\n<li><a href=\"https:\/\/www.dmxfloodlight.com\/pl\/dmx-led-flood-light\/page\/2\/?fl_builder\">Next \u00bb<\/a><\/li>\r\n<\/ul>","protected":false},"excerpt":{"rendered":"<p>Factory Direct Sale 100W RGB RGBW DMX LED Flood Light Factory Direct Sale 100W RGB RGBW DMX LED Flood Light SKU: ZL-FL-JD100 \u272a Power: 100W.\u272a Using CREE brand &#8230; Read More &gt;&gt; \u2192 Hot Sale Multi Colored 200W RGB RGBW DMX LED Flood Light Hot Sale Multi Colored 200W RGB RGBW DMX LED Flood Light [&hellip;]<\/p>","protected":false},"author":1,"featured_media":0,"parent":0,"menu_order":0,"comment_status":"closed","ping_status":"closed","template":"","meta":{"footnotes":""},"class_list":["post-256","page","type-page","status-publish","hentry","wpbf-post"],"yoast_head":"<!-- This site is optimized with the Yoast SEO Premium plugin v22.4 (Yoast SEO v22.4) - https:\/\/yoast.com\/wordpress\/plugins\/seo\/ -->\n<title>China Factory Direct Sale Best Outdoor DMX LED Flood Light<\/title>\n<meta name=\"description\" content=\"Factory Sale High Quality Outdoor RGB RGBW DMX LED Flood Light. Customizable Wireless, RF Remote &amp; App Control Solutions! 5 Years Warranty! Contact Us Now!\" \/>\n<meta name=\"robots\" content=\"index, follow, max-snippet:-1, max-image-preview:large, max-video-preview:-1\" \/>\n<link rel=\"canonical\" href=\"https:\/\/www.dmxfloodlight.com\/pl\/dmx-led-flood-light\/\" \/>\n<meta property=\"og:locale\" content=\"pl_PL\" \/>\n<meta property=\"og:type\" content=\"article\" \/>\n<meta property=\"og:title\" content=\"DMX LED Flood Light\" \/>\n<meta property=\"og:description\" content=\"Factory Sale High Quality Outdoor RGB RGBW DMX LED Flood Light. Customizable Wireless, RF Remote &amp; App Control Solutions! 5 Years Warranty! Contact Us Now!\" \/>\n<meta property=\"og:url\" content=\"https:\/\/www.dmxfloodlight.com\/pl\/dmx-led-flood-light\/\" \/>\n<meta property=\"og:site_name\" content=\"DMX Flood Light\" \/>\n<meta property=\"article:publisher\" content=\"https:\/\/www.facebook.com\/jerrygeram\" \/>\n<meta property=\"article:modified_time\" content=\"2024-03-25T02:28:35+00:00\" \/>\n<meta property=\"og:image\" content=\"https:\/\/www.dmxfloodlight.com\/wp-content\/uploads\/2020\/10\/100w-rgb-rgbw-dmx-led-flood-light-0.jpg\" \/>\n<meta name=\"twitter:card\" content=\"summary_large_image\" \/>\n<meta name=\"twitter:label1\" content=\"Est. reading time\" \/>\n\t<meta name=\"twitter:data1\" content=\"2 minutes\" \/>\n<script type=\"application\/ld+json\" class=\"yoast-schema-graph\">{\"@context\":\"https:\/\/schema.org\",\"@graph\":[{\"@type\":\"WebPage\",\"@id\":\"https:\/\/www.dmxfloodlight.com\/dmx-led-flood-light\/\",\"url\":\"https:\/\/www.dmxfloodlight.com\/dmx-led-flood-light\/\",\"name\":\"China Factory Direct Sale Best Outdoor DMX LED Flood Light\",\"isPartOf\":{\"@id\":\"https:\/\/www.dmxfloodlight.com\/#website\"},\"primaryImageOfPage\":{\"@id\":\"https:\/\/www.dmxfloodlight.com\/dmx-led-flood-light\/#primaryimage\"},\"image\":{\"@id\":\"https:\/\/www.dmxfloodlight.com\/dmx-led-flood-light\/#primaryimage\"},\"thumbnailUrl\":\"https:\/\/www.dmxfloodlight.com\/wp-content\/uploads\/2020\/10\/100w-rgb-rgbw-dmx-led-flood-light-0.jpg\",\"datePublished\":\"2020-09-25T03:26:52+00:00\",\"dateModified\":\"2024-03-25T02:28:35+00:00\",\"description\":\"Factory Sale High Quality Outdoor RGB RGBW DMX LED Flood Light. Customizable Wireless, RF Remote & App Control Solutions! 5 Years Warranty! Contact Us Now!\",\"breadcrumb\":{\"@id\":\"https:\/\/www.dmxfloodlight.com\/dmx-led-flood-light\/#breadcrumb\"},\"inLanguage\":\"pl-PL\",\"potentialAction\":[{\"@type\":\"ReadAction\",\"target\":[\"https:\/\/www.dmxfloodlight.com\/dmx-led-flood-light\/\"]}]},{\"@type\":\"ImageObject\",\"inLanguage\":\"pl-PL\",\"@id\":\"https:\/\/www.dmxfloodlight.com\/dmx-led-flood-light\/#primaryimage\",\"url\":\"https:\/\/www.dmxfloodlight.com\/wp-content\/uploads\/2020\/10\/100w-rgb-rgbw-dmx-led-flood-light-0.jpg\",\"contentUrl\":\"https:\/\/www.dmxfloodlight.com\/wp-content\/uploads\/2020\/10\/100w-rgb-rgbw-dmx-led-flood-light-0.jpg\"},{\"@type\":\"BreadcrumbList\",\"@id\":\"https:\/\/www.dmxfloodlight.com\/dmx-led-flood-light\/#breadcrumb\",\"itemListElement\":[{\"@type\":\"ListItem\",\"position\":1,\"name\":\"Home\",\"item\":\"https:\/\/www.dmxfloodlight.com\/\"},{\"@type\":\"ListItem\",\"position\":2,\"name\":\"DMX LED Flood Light\"}]},{\"@type\":\"WebSite\",\"@id\":\"https:\/\/www.dmxfloodlight.com\/#website\",\"url\":\"https:\/\/www.dmxfloodlight.com\/\",\"name\":\"DMX Flood Light\",\"description\":\"DMX LED flood light manufacturer\",\"publisher\":{\"@id\":\"https:\/\/www.dmxfloodlight.com\/#organization\"},\"potentialAction\":[{\"@type\":\"SearchAction\",\"target\":{\"@type\":\"EntryPoint\",\"urlTemplate\":\"https:\/\/www.dmxfloodlight.com\/?s={search_term_string}\"},\"query-input\":\"required name=search_term_string\"}],\"inLanguage\":\"pl-PL\"},{\"@type\":\"Organization\",\"@id\":\"https:\/\/www.dmxfloodlight.com\/#organization\",\"name\":\"GERAM Lighting\",\"url\":\"https:\/\/www.dmxfloodlight.com\/\",\"logo\":{\"@type\":\"ImageObject\",\"inLanguage\":\"pl-PL\",\"@id\":\"https:\/\/www.dmxfloodlight.com\/#\/schema\/logo\/image\/\",\"url\":\"https:\/\/www.dmxfloodlight.com\/wp-content\/uploads\/2020\/09\/rgb-rgbw-dmx-led-flood-light-favicon.png\",\"contentUrl\":\"https:\/\/www.dmxfloodlight.com\/wp-content\/uploads\/2020\/09\/rgb-rgbw-dmx-led-flood-light-favicon.png\",\"width\":512,\"height\":512,\"caption\":\"GERAM Lighting\"},\"image\":{\"@id\":\"https:\/\/www.dmxfloodlight.com\/#\/schema\/logo\/image\/\"},\"sameAs\":[\"https:\/\/www.facebook.com\/jerrygeram\"]}]}<\/script>\n<!-- \/ Yoast SEO Premium plugin. -->","yoast_head_json":{"title":"China Factory Direct Sale Best Outdoor DMX LED Flood Light","description":"Factory Sale High Quality Outdoor RGB RGBW DMX LED Flood Light. Customizable Wireless, RF Remote & App Control Solutions! 5 Years Warranty! Contact Us Now!","robots":{"index":"index","follow":"follow","max-snippet":"max-snippet:-1","max-image-preview":"max-image-preview:large","max-video-preview":"max-video-preview:-1"},"canonical":"https:\/\/www.dmxfloodlight.com\/pl\/dmx-led-flood-light\/","og_locale":"pl_PL","og_type":"article","og_title":"DMX LED Flood Light","og_description":"Factory Sale High Quality Outdoor RGB RGBW DMX LED Flood Light. Customizable Wireless, RF Remote & App Control Solutions! 5 Years Warranty! Contact Us Now!","og_url":"https:\/\/www.dmxfloodlight.com\/pl\/dmx-led-flood-light\/","og_site_name":"DMX Flood Light","article_publisher":"https:\/\/www.facebook.com\/jerrygeram","article_modified_time":"2024-03-25T02:28:35+00:00","og_image":[{"url":"https:\/\/www.dmxfloodlight.com\/wp-content\/uploads\/2020\/10\/100w-rgb-rgbw-dmx-led-flood-light-0.jpg"}],"twitter_card":"summary_large_image","twitter_misc":{"Est. reading time":"2 minutes"},"schema":{"@context":"https:\/\/schema.org","@graph":[{"@type":"WebPage","@id":"https:\/\/www.dmxfloodlight.com\/dmx-led-flood-light\/","url":"https:\/\/www.dmxfloodlight.com\/dmx-led-flood-light\/","name":"China Factory Direct Sale Best Outdoor DMX LED Flood Light","isPartOf":{"@id":"https:\/\/www.dmxfloodlight.com\/#website"},"primaryImageOfPage":{"@id":"https:\/\/www.dmxfloodlight.com\/dmx-led-flood-light\/#primaryimage"},"image":{"@id":"https:\/\/www.dmxfloodlight.com\/dmx-led-flood-light\/#primaryimage"},"thumbnailUrl":"https:\/\/www.dmxfloodlight.com\/wp-content\/uploads\/2020\/10\/100w-rgb-rgbw-dmx-led-flood-light-0.jpg","datePublished":"2020-09-25T03:26:52+00:00","dateModified":"2024-03-25T02:28:35+00:00","description":"Factory Sale High Quality Outdoor RGB RGBW DMX LED Flood Light. Customizable Wireless, RF Remote & App Control Solutions! 5 Years Warranty! Contact Us Now!","breadcrumb":{"@id":"https:\/\/www.dmxfloodlight.com\/dmx-led-flood-light\/#breadcrumb"},"inLanguage":"pl-PL","potentialAction":[{"@type":"ReadAction","target":["https:\/\/www.dmxfloodlight.com\/dmx-led-flood-light\/"]}]},{"@type":"ImageObject","inLanguage":"pl-PL","@id":"https:\/\/www.dmxfloodlight.com\/dmx-led-flood-light\/#primaryimage","url":"https:\/\/www.dmxfloodlight.com\/wp-content\/uploads\/2020\/10\/100w-rgb-rgbw-dmx-led-flood-light-0.jpg","contentUrl":"https:\/\/www.dmxfloodlight.com\/wp-content\/uploads\/2020\/10\/100w-rgb-rgbw-dmx-led-flood-light-0.jpg"},{"@type":"BreadcrumbList","@id":"https:\/\/www.dmxfloodlight.com\/dmx-led-flood-light\/#breadcrumb","itemListElement":[{"@type":"ListItem","position":1,"name":"Home","item":"https:\/\/www.dmxfloodlight.com\/"},{"@type":"ListItem","position":2,"name":"DMX LED Flood Light"}]},{"@type":"WebSite","@id":"https:\/\/www.dmxfloodlight.com\/#website","url":"https:\/\/www.dmxfloodlight.com\/","name":"DMX Flood Light","description":"DMX LED flood light manufacturer","publisher":{"@id":"https:\/\/www.dmxfloodlight.com\/#organization"},"potentialAction":[{"@type":"SearchAction","target":{"@type":"EntryPoint","urlTemplate":"https:\/\/www.dmxfloodlight.com\/?s={search_term_string}"},"query-input":"required name=search_term_string"}],"inLanguage":"pl-PL"},{"@type":"Organization","@id":"https:\/\/www.dmxfloodlight.com\/#organization","name":"GERAM Lighting","url":"https:\/\/www.dmxfloodlight.com\/","logo":{"@type":"ImageObject","inLanguage":"pl-PL","@id":"https:\/\/www.dmxfloodlight.com\/#\/schema\/logo\/image\/","url":"https:\/\/www.dmxfloodlight.com\/wp-content\/uploads\/2020\/09\/rgb-rgbw-dmx-led-flood-light-favicon.png","contentUrl":"https:\/\/www.dmxfloodlight.com\/wp-content\/uploads\/2020\/09\/rgb-rgbw-dmx-led-flood-light-favicon.png","width":512,"height":512,"caption":"GERAM Lighting"},"image":{"@id":"https:\/\/www.dmxfloodlight.com\/#\/schema\/logo\/image\/"},"sameAs":["https:\/\/www.facebook.com\/jerrygeram"]}]}},"_links":{"self":[{"href":"https:\/\/www.dmxfloodlight.com\/pl\/wp-json\/wp\/v2\/pages\/256","targetHints":{"allow":["GET"]}}],"collection":[{"href":"https:\/\/www.dmxfloodlight.com\/pl\/wp-json\/wp\/v2\/pages"}],"about":[{"href":"https:\/\/www.dmxfloodlight.com\/pl\/wp-json\/wp\/v2\/types\/page"}],"author":[{"embeddable":true,"href":"https:\/\/www.dmxfloodlight.com\/pl\/wp-json\/wp\/v2\/users\/1"}],"replies":[{"embeddable":true,"href":"https:\/\/www.dmxfloodlight.com\/pl\/wp-json\/wp\/v2\/comments?post=256"}],"version-history":[{"count":0,"href":"https:\/\/www.dmxfloodlight.com\/pl\/wp-json\/wp\/v2\/pages\/256\/revisions"}],"wp:attachment":[{"href":"https:\/\/www.dmxfloodlight.com\/pl\/wp-json\/wp\/v2\/media?parent=256"}],"curies":[{"name":"wp","href":"https:\/\/api.w.org\/{rel}","templated":true}]}}