{"id":26,"date":"2020-09-22T01:26:03","date_gmt":"2020-09-22T01:26:03","guid":{"rendered":"https:\/\/www.dmxfloodlight.com\/?page_id=26"},"modified":"2025-12-11T14:03:44","modified_gmt":"2025-12-11T06:03:44","slug":"faq","status":"publish","type":"page","link":"https:\/\/www.dmxfloodlight.com\/lt\/faq\/","title":{"rendered":"DUK \u2013 RGB \/ RGBW DMX LED pro\u017eektorius"},"content":{"rendered":"<h2>\n\t\tDa\u017eniausiai u\u017eduodamas klausimas\n\t<\/h2>\n<h2>\n\t\t1. Kur esate ir kaip \u012fsigyti RGB LED lemputes?\n\t<\/h2>\n\t<p>We are a leading LED light manufacturer and exporter located in Guangdong, China. You can easily buy our LED lights no matter where you are. Firstly, please send us an inquiry to tell us your requirement on our website or through email, whatsapp, skype, etc. Then we will send you feedback with our proposal, products and quotation. You will be requested to send us the payment after our deal. And when the payment comes we will arrange the production and send you the goods by air or by sea.<\/p>\n<h2>\n\t\t2. Kas yra DMX arba DMX512?\n\t<\/h2>\n\t<p>DMX is short for &#8220;Digital Multiplex&#8221;, we can simplely understand it as a digital protocol. Nowadays, normally DMX is refered to DMX512(support maximum 512 channels, one color each channel), you can learn its more information on wikipedia:\u00a0<a href=\"https:\/\/en.wikipedia.org\/wiki\/DMX512\" target=\"_blank\" rel=\"noopener\">https:\/\/en.wikipedia.org\/wiki\/DMX512<\/a>. M\u016bs\u0173 \u0161viesa gali rodyti daug skirting\u0173 spalv\u0173 efekt\u0173, dirbdama su DMX512, turime naudoti i\u0161orin\u012f DMX valdikl\u012f ir prid\u0117ti prie \u0161vies\u0173 aparat\u016bros dali\u0173. Programa laikoma valdiklyje, o signalas bus siun\u010diamas \u012f \u017eibintus, kad b\u016bt\u0173 sukurtos skirtingos spalvos ar efektai. M\u016bs\u0173 RGB pro\u017eektori\u0173 \u0161viestuvas palaiko universal\u0173 DMX512 valdikl\u012f, jei palaiko standartin\u012f DMX512 protokol\u0105. Valdikl\u012f galite \u012fsigyti pas mus arba savo vietin\u0117je rinkoje.<\/p>\n<h2>\n\t\t3. Ar galiu naudoti j\u016bs\u0173 RGB pro\u017eektori\u0173 be DMX funkcijos?\n\t<\/h2>\n\t<p>Taip, \u017einoma. DMX yra tik m\u016bs\u0173 RGB pro\u017eektori\u0173 pasirinkimas. Galite naudoti m\u016bs\u0173 \u017eibintus kaip \u012fprastus RGB pro\u017eektorius be DMX funkcijos.<\/p>\n<h2>\n\t\t4. Kaip naudoti DMX valdikl\u012f?\n\t<\/h2>\n\t<p>M\u016bs\u0173 \u012fprastas DMX valdiklis turi \u012fmontuot\u0105 SD kortel\u0119, jis gali paleisti SD kortel\u0117je esan\u010dias programas. Kita vertus, m\u016bs\u0173 valdiklis gali b\u016bti valdomas ir asmeninio kompiuterio programine \u012franga, naudojant \u0161i\u0105 programin\u0119 \u012frang\u0105, valdikl\u012f galima programuoti realiu laiku. Taip pat turime valdikl\u012f, kuris veikia su mobiliojo telefono program\u0117le, d\u0117l daugiau informacijos galite susisiekti su mumis.<\/p>\n<h2>\n\t\t5. Ar galiu naudoti savo valdikl\u012f arba nusipirkti j\u012f vietin\u0117je rinkoje?\n\t<\/h2>\n\t<p>Taip, tikrai galite naudoti savo valdikl\u012f arba nusipirkti j\u012f i\u0161 vietini\u0173 \u012fmoni\u0173. M\u016bs\u0173 DMX pro\u017eektoriai palaiko universalius DMX valdiklius, jei palaiko standartin\u012f DMX512 protokol\u0105. Si\u016blome, jei \u012fmanoma, \u012fsigyti valdikl\u012f savo rinkoje, nes vietin\u0117ms \u012fmon\u0117ms patogiau i\u0161mokyti naudotis savo valdikliais.<\/p>\n<h2>\n\t\t6. Kaip \u012fdiegti vis\u0105 DMX sistem\u0105?\n\t<\/h2>\n\t<p>Remdamiesi sprendimu, turime trij\u0173 tip\u0173 DMX sistemos \u012frenginius. Laidinis diegimas, belaidis diegimas ir suderinamas diegimas.<\/p>\n\t\t\t\t<img decoding=\"async\" src=\"https:\/\/www.dmxfloodlight.com\/wp-content\/uploads\/2024\/10\/wired-dmx-rgb-flood-light-installation-scheme.jpg\" alt=\"wired dmx rgb flood light installation scheme\" itemprop=\"image\" height=\"237\" width=\"800\" title=\"wired dmx rgb flood light installation scheme\" onerror=\"this.style.display='none'\"  \/>\n\t\t\t\t<img decoding=\"async\" src=\"https:\/\/www.dmxfloodlight.com\/wp-content\/uploads\/2024\/10\/wireless-dmx-rgb-flood-light-installation-scheme.jpg\" alt=\"wireless dmx rgb flood light installation scheme\" itemprop=\"image\" height=\"296\" width=\"800\" title=\"wireless dmx rgb flood light installation scheme\" onerror=\"this.style.display='none'\"  \/>\n\t\t\t\t<img decoding=\"async\" src=\"https:\/\/www.dmxfloodlight.com\/wp-content\/uploads\/2024\/10\/wired-and-wireless-compatible-dmx-flood-light-installation-scheme.jpg\" alt=\"wired and wireless compatible dmx flood light installation scheme\" itemprop=\"image\" height=\"227\" width=\"800\" title=\"wired and wireless compatible dmx flood light installation scheme\" onerror=\"this.style.display='none'\"  \/>\n<h2>\n\t\t7. What&#8217;s the maximum number of lights can be connected to one controller?\n\t<\/h2>\n\t<p>It will depend on the distance between the light fixtures and the controller. Normally if the total length of the DMX cables of all lights over 100 meters, we need to a an amplifier.<\/p>\n<h2>\n\t\t8. Ar galite sukurti belaid\u012f sprendim\u0105?\n\t<\/h2>\n\t<p>Yes, we can make wireless solution. We will add an extra DMX wireless transmitter for the controller and add a wireless receiver for each light. By using this solution, you don&#8217;t need to do the jobs of DMX cables layout. But before using this system, please make sure there are no very big buildings or other obstacles in your application.<\/p>\n<h2>\n\t\t9. For wireless solution, what&#8217;s the maximum distance can I install the light fixture?\n\t<\/h2>\n\t<p>Remiantis m\u016bs\u0173 dabartiniais bandym\u0173 duomenimis, did\u017eiausias m\u016bs\u0173 belaid\u017eio signalo spinduliavimo atstumas yra 300\u2013500 metr\u0173.<\/p>\n<h2>\n\t\t10. What&#8217;s the lifespan of your products?\n\t<\/h2>\n\t<p>Teori\u0161kai m\u016bs\u0173 LED lempu\u010di\u0173 tarnavimo laikas gali siekti 50 000 valand\u0173. Ta\u010diau tikr\u0105j\u0105 eksploatavimo trukm\u0119 \u012ftakoja tikroji aplinkos temperat\u016bra, dr\u0117gm\u0117 ir galutinio vartotojo naudojimo \u012fpro\u010diai. Remiantis m\u016bs\u0173 patirtimi, m\u016bs\u0173 LED \u0161viestuvai gali b\u016bti naudojami nuo 6 iki 10 met\u0173 ar ilgiau.<\/p>\n<h2>\n\t\t11. Kiek met\u0173 suteikiate garantij\u0105 ir kokios yra garantijos politikos s\u0105lygos?\n\t<\/h2>\n\t<p>Paprastai mes suteikiame 3 arba 5 met\u0173 garantij\u0105. Garantiniu laikotarpiu atsi\u0173sime jums naujus gaminius ar naujas dalis, kad pakeistum\u0117te, jei bus koki\u0173 nors gedim\u0173. Galite ateiti pas mus, kai tik i\u0161kyla koki\u0173 nors problem\u0173.<\/p>\n<h2>\n\t\t12. What&#8217;s your payment term and how can I make the payment?\n\t<\/h2>\n\t<p>Paprastai m\u016bs\u0173 mok\u0117jimo terminas yra T\/T 30% ind\u0117lis ir likutis prie\u0161 i\u0161siuntim\u0105. U\u017e nedidel\u0119 sum\u0105 (pvz., ma\u017eiau nei 500 USD) galite sumok\u0117ti per Paypal, Western Union arba MoneyGram. Ta\u010diau u\u017e didesn\u0119 sum\u0105 priimsime banko pavedim\u0105. Priimame \u012fvairi\u0173 r\u016b\u0161i\u0173 valiutas, \u012fskaitant USD, eurus, GBP, RMB, HKD, jenas ir kt.<\/p>\n<h2>\n\t\t13. What&#8217;s your delivery time and the way of shipment?\n\t<\/h2>\n\t<p>Paprastai m\u016bs\u0173 pavyzd\u017eio pristatymo laikas yra 4\u20137 dienos, o \u012fprastas u\u017esakymas yra 10\u201320 dien\u0173, atsi\u017evelgiant \u012f faktin\u012f j\u016bs\u0173 u\u017esakymo kiek\u012f. Mes suorganizuosime siunt\u0105 greituoju oro transportu (nuo dur\u0173 iki dur\u0173), \u012fprastu oro transportu (\u012f vietin\u012f oro uost\u0105), j\u016br\u0173 krovini\u0173 gabenim\u0105 (\u012f vietin\u012f j\u016br\u0173 uost\u0105) arba kai kuriais specialiais gabenimo b\u016bdais su muitais pagal faktin\u0119 situacij\u0105.<\/p>\n<h2>\n\t\t14. I still have other questions &#8230;\n\t<\/h2>\n\t<p>Jei vis dar turite kit\u0173 klausim\u0173 apie m\u016bs\u0173 \u012fmon\u0119 ar LED \u0161viesos gaminius, pra\u0161ome <a href=\"https:\/\/www.dmxfloodlight.com\/lt\/contact-us\/\">Susisiekite su mumis<\/a> tiesiogiai, gausite m\u016bs\u0173 atsakym\u0105 per trump\u0105 laik\u0105.<\/p>\nEl. pa\u0161tas: <a href=\"mailto:sales@cyreelighting.com\">sales@cyreelighting.com<\/a><br \/>\nWhatsApp \/ Wechat: +8618011802260<br \/>\nSkype: jerrygeram","protected":false},"excerpt":{"rendered":"<p>Frequently Asked Question 1. Where are you located and how to buy your RGB LED lights? We are a leading LED light manufacturer and exporter located in Guangdong, China. You can easily buy our LED lights no matter where you are. Firstly, please send us an inquiry to tell us your requirement on our website [&hellip;]<\/p>","protected":false},"author":1,"featured_media":0,"parent":0,"menu_order":0,"comment_status":"closed","ping_status":"closed","template":"","meta":{"footnotes":""},"class_list":["post-26","page","type-page","status-publish","hentry","wpbf-post"],"yoast_head":"<!-- This site is optimized with the Yoast SEO Premium plugin v22.4 (Yoast SEO v22.4) - https:\/\/yoast.com\/wordpress\/plugins\/seo\/ -->\n<title>FAQ - Best Outdoor RGB RGBW DMX LED Flood Light<\/title>\n<meta name=\"description\" content=\"China Factory Wholesale Outdoor RGB RGBW DMX LED Flood Light. Custom DMX\/DMX512, Wireless, RF Remote &amp; App Control Solutions! 5 Years Warranty! Contact Us Now!\" \/>\n<meta name=\"robots\" content=\"index, follow, max-snippet:-1, max-image-preview:large, max-video-preview:-1\" \/>\n<link rel=\"canonical\" href=\"https:\/\/www.dmxfloodlight.com\/lt\/faq\/\" \/>\n<meta property=\"og:locale\" content=\"lt_LT\" \/>\n<meta property=\"og:type\" content=\"article\" \/>\n<meta property=\"og:title\" content=\"FAQ - RGB \/ RGBW DMX LED Flood Light\" \/>\n<meta property=\"og:description\" content=\"China Factory Wholesale Outdoor RGB RGBW DMX LED Flood Light. Custom DMX\/DMX512, Wireless, RF Remote &amp; App Control Solutions! 5 Years Warranty! Contact Us Now!\" \/>\n<meta property=\"og:url\" content=\"https:\/\/www.dmxfloodlight.com\/lt\/faq\/\" \/>\n<meta property=\"og:site_name\" content=\"DMX Flood Light\" \/>\n<meta property=\"article:publisher\" content=\"https:\/\/www.facebook.com\/jerrygeram\" \/>\n<meta property=\"article:modified_time\" content=\"2025-12-11T06:03:44+00:00\" \/>\n<meta property=\"og:image\" content=\"https:\/\/www.dmxfloodlight.com\/wp-content\/uploads\/2024\/10\/wired-dmx-rgb-flood-light-installation-scheme.jpg\" \/>\n<meta name=\"twitter:card\" content=\"summary_large_image\" \/>\n<meta name=\"twitter:label1\" content=\"Est. reading time\" \/>\n\t<meta name=\"twitter:data1\" content=\"4 minutes\" \/>\n<script type=\"application\/ld+json\" class=\"yoast-schema-graph\">{\"@context\":\"https:\/\/schema.org\",\"@graph\":[{\"@type\":\"WebPage\",\"@id\":\"https:\/\/www.dmxfloodlight.com\/faq\/\",\"url\":\"https:\/\/www.dmxfloodlight.com\/faq\/\",\"name\":\"FAQ - Best Outdoor RGB RGBW DMX LED Flood Light\",\"isPartOf\":{\"@id\":\"https:\/\/www.dmxfloodlight.com\/#website\"},\"primaryImageOfPage\":{\"@id\":\"https:\/\/www.dmxfloodlight.com\/faq\/#primaryimage\"},\"image\":{\"@id\":\"https:\/\/www.dmxfloodlight.com\/faq\/#primaryimage\"},\"thumbnailUrl\":\"https:\/\/www.dmxfloodlight.com\/wp-content\/uploads\/2024\/10\/wired-dmx-rgb-flood-light-installation-scheme.jpg\",\"datePublished\":\"2020-09-22T01:26:03+00:00\",\"dateModified\":\"2025-12-11T06:03:44+00:00\",\"description\":\"China Factory Wholesale Outdoor RGB RGBW DMX LED Flood Light. Custom DMX\/DMX512, Wireless, RF Remote & App Control Solutions! 5 Years Warranty! Contact Us Now!\",\"breadcrumb\":{\"@id\":\"https:\/\/www.dmxfloodlight.com\/faq\/#breadcrumb\"},\"inLanguage\":\"lt-LT\",\"potentialAction\":[{\"@type\":\"ReadAction\",\"target\":[\"https:\/\/www.dmxfloodlight.com\/faq\/\"]}]},{\"@type\":\"ImageObject\",\"inLanguage\":\"lt-LT\",\"@id\":\"https:\/\/www.dmxfloodlight.com\/faq\/#primaryimage\",\"url\":\"https:\/\/www.dmxfloodlight.com\/wp-content\/uploads\/2024\/10\/wired-dmx-rgb-flood-light-installation-scheme.jpg\",\"contentUrl\":\"https:\/\/www.dmxfloodlight.com\/wp-content\/uploads\/2024\/10\/wired-dmx-rgb-flood-light-installation-scheme.jpg\"},{\"@type\":\"BreadcrumbList\",\"@id\":\"https:\/\/www.dmxfloodlight.com\/faq\/#breadcrumb\",\"itemListElement\":[{\"@type\":\"ListItem\",\"position\":1,\"name\":\"Home\",\"item\":\"https:\/\/www.dmxfloodlight.com\/\"},{\"@type\":\"ListItem\",\"position\":2,\"name\":\"FAQ &#8211; RGB \/ RGBW DMX LED Flood Light\"}]},{\"@type\":\"WebSite\",\"@id\":\"https:\/\/www.dmxfloodlight.com\/#website\",\"url\":\"https:\/\/www.dmxfloodlight.com\/\",\"name\":\"DMX Flood Light\",\"description\":\"DMX LED flood light manufacturer\",\"publisher\":{\"@id\":\"https:\/\/www.dmxfloodlight.com\/#organization\"},\"potentialAction\":[{\"@type\":\"SearchAction\",\"target\":{\"@type\":\"EntryPoint\",\"urlTemplate\":\"https:\/\/www.dmxfloodlight.com\/?s={search_term_string}\"},\"query-input\":\"required name=search_term_string\"}],\"inLanguage\":\"lt-LT\"},{\"@type\":\"Organization\",\"@id\":\"https:\/\/www.dmxfloodlight.com\/#organization\",\"name\":\"GERAM Lighting\",\"url\":\"https:\/\/www.dmxfloodlight.com\/\",\"logo\":{\"@type\":\"ImageObject\",\"inLanguage\":\"lt-LT\",\"@id\":\"https:\/\/www.dmxfloodlight.com\/#\/schema\/logo\/image\/\",\"url\":\"https:\/\/www.dmxfloodlight.com\/wp-content\/uploads\/2020\/09\/rgb-rgbw-dmx-led-flood-light-favicon.png\",\"contentUrl\":\"https:\/\/www.dmxfloodlight.com\/wp-content\/uploads\/2020\/09\/rgb-rgbw-dmx-led-flood-light-favicon.png\",\"width\":512,\"height\":512,\"caption\":\"GERAM Lighting\"},\"image\":{\"@id\":\"https:\/\/www.dmxfloodlight.com\/#\/schema\/logo\/image\/\"},\"sameAs\":[\"https:\/\/www.facebook.com\/jerrygeram\"]}]}<\/script>\n<!-- \/ Yoast SEO Premium plugin. -->","yoast_head_json":{"title":"FAQ - Best Outdoor RGB RGBW DMX LED Flood Light","description":"China Factory Wholesale Outdoor RGB RGBW DMX LED Flood Light. Custom DMX\/DMX512, Wireless, RF Remote & App Control Solutions! 5 Years Warranty! Contact Us Now!","robots":{"index":"index","follow":"follow","max-snippet":"max-snippet:-1","max-image-preview":"max-image-preview:large","max-video-preview":"max-video-preview:-1"},"canonical":"https:\/\/www.dmxfloodlight.com\/lt\/faq\/","og_locale":"lt_LT","og_type":"article","og_title":"FAQ - RGB \/ RGBW DMX LED Flood Light","og_description":"China Factory Wholesale Outdoor RGB RGBW DMX LED Flood Light. Custom DMX\/DMX512, Wireless, RF Remote & App Control Solutions! 5 Years Warranty! Contact Us Now!","og_url":"https:\/\/www.dmxfloodlight.com\/lt\/faq\/","og_site_name":"DMX Flood Light","article_publisher":"https:\/\/www.facebook.com\/jerrygeram","article_modified_time":"2025-12-11T06:03:44+00:00","og_image":[{"url":"https:\/\/www.dmxfloodlight.com\/wp-content\/uploads\/2024\/10\/wired-dmx-rgb-flood-light-installation-scheme.jpg"}],"twitter_card":"summary_large_image","twitter_misc":{"Est. reading time":"4 minutes"},"schema":{"@context":"https:\/\/schema.org","@graph":[{"@type":"WebPage","@id":"https:\/\/www.dmxfloodlight.com\/faq\/","url":"https:\/\/www.dmxfloodlight.com\/faq\/","name":"FAQ - Best Outdoor RGB RGBW DMX LED Flood Light","isPartOf":{"@id":"https:\/\/www.dmxfloodlight.com\/#website"},"primaryImageOfPage":{"@id":"https:\/\/www.dmxfloodlight.com\/faq\/#primaryimage"},"image":{"@id":"https:\/\/www.dmxfloodlight.com\/faq\/#primaryimage"},"thumbnailUrl":"https:\/\/www.dmxfloodlight.com\/wp-content\/uploads\/2024\/10\/wired-dmx-rgb-flood-light-installation-scheme.jpg","datePublished":"2020-09-22T01:26:03+00:00","dateModified":"2025-12-11T06:03:44+00:00","description":"China Factory Wholesale Outdoor RGB RGBW DMX LED Flood Light. Custom DMX\/DMX512, Wireless, RF Remote & App Control Solutions! 5 Years Warranty! Contact Us Now!","breadcrumb":{"@id":"https:\/\/www.dmxfloodlight.com\/faq\/#breadcrumb"},"inLanguage":"lt-LT","potentialAction":[{"@type":"ReadAction","target":["https:\/\/www.dmxfloodlight.com\/faq\/"]}]},{"@type":"ImageObject","inLanguage":"lt-LT","@id":"https:\/\/www.dmxfloodlight.com\/faq\/#primaryimage","url":"https:\/\/www.dmxfloodlight.com\/wp-content\/uploads\/2024\/10\/wired-dmx-rgb-flood-light-installation-scheme.jpg","contentUrl":"https:\/\/www.dmxfloodlight.com\/wp-content\/uploads\/2024\/10\/wired-dmx-rgb-flood-light-installation-scheme.jpg"},{"@type":"BreadcrumbList","@id":"https:\/\/www.dmxfloodlight.com\/faq\/#breadcrumb","itemListElement":[{"@type":"ListItem","position":1,"name":"Home","item":"https:\/\/www.dmxfloodlight.com\/"},{"@type":"ListItem","position":2,"name":"FAQ &#8211; RGB \/ RGBW DMX LED Flood Light"}]},{"@type":"WebSite","@id":"https:\/\/www.dmxfloodlight.com\/#website","url":"https:\/\/www.dmxfloodlight.com\/","name":"DMX Flood Light","description":"DMX LED flood light manufacturer","publisher":{"@id":"https:\/\/www.dmxfloodlight.com\/#organization"},"potentialAction":[{"@type":"SearchAction","target":{"@type":"EntryPoint","urlTemplate":"https:\/\/www.dmxfloodlight.com\/?s={search_term_string}"},"query-input":"required name=search_term_string"}],"inLanguage":"lt-LT"},{"@type":"Organization","@id":"https:\/\/www.dmxfloodlight.com\/#organization","name":"GERAM Lighting","url":"https:\/\/www.dmxfloodlight.com\/","logo":{"@type":"ImageObject","inLanguage":"lt-LT","@id":"https:\/\/www.dmxfloodlight.com\/#\/schema\/logo\/image\/","url":"https:\/\/www.dmxfloodlight.com\/wp-content\/uploads\/2020\/09\/rgb-rgbw-dmx-led-flood-light-favicon.png","contentUrl":"https:\/\/www.dmxfloodlight.com\/wp-content\/uploads\/2020\/09\/rgb-rgbw-dmx-led-flood-light-favicon.png","width":512,"height":512,"caption":"GERAM Lighting"},"image":{"@id":"https:\/\/www.dmxfloodlight.com\/#\/schema\/logo\/image\/"},"sameAs":["https:\/\/www.facebook.com\/jerrygeram"]}]}},"_links":{"self":[{"href":"https:\/\/www.dmxfloodlight.com\/lt\/wp-json\/wp\/v2\/pages\/26","targetHints":{"allow":["GET"]}}],"collection":[{"href":"https:\/\/www.dmxfloodlight.com\/lt\/wp-json\/wp\/v2\/pages"}],"about":[{"href":"https:\/\/www.dmxfloodlight.com\/lt\/wp-json\/wp\/v2\/types\/page"}],"author":[{"embeddable":true,"href":"https:\/\/www.dmxfloodlight.com\/lt\/wp-json\/wp\/v2\/users\/1"}],"replies":[{"embeddable":true,"href":"https:\/\/www.dmxfloodlight.com\/lt\/wp-json\/wp\/v2\/comments?post=26"}],"version-history":[{"count":0,"href":"https:\/\/www.dmxfloodlight.com\/lt\/wp-json\/wp\/v2\/pages\/26\/revisions"}],"wp:attachment":[{"href":"https:\/\/www.dmxfloodlight.com\/lt\/wp-json\/wp\/v2\/media?parent=26"}],"curies":[{"name":"wp","href":"https:\/\/api.w.org\/{rel}","templated":true}]}}