{"id":26,"date":"2020-09-22T01:26:03","date_gmt":"2020-09-22T01:26:03","guid":{"rendered":"https:\/\/www.dmxfloodlight.com\/?page_id=26"},"modified":"2025-12-11T14:03:44","modified_gmt":"2025-12-11T06:03:44","slug":"faq","status":"publish","type":"page","link":"https:\/\/www.dmxfloodlight.com\/it\/faq\/","title":{"rendered":"Domande frequenti \u2013 Proiettore LED RGB \/ RGBW DMX"},"content":{"rendered":"<h2>\n\t\tDomande frequenti\n\t<\/h2>\n<h2>\n\t\t1. Dove vi trovate e come acquistare le luci LED RGB?\n\t<\/h2>\n\t<p>We are a leading LED light manufacturer and exporter located in Guangdong, China. You can easily buy our LED lights no matter where you are. Firstly, please send us an inquiry to tell us your requirement on our website or through email, whatsapp, skype, etc. Then we will send you feedback with our proposal, products and quotation. You will be requested to send us the payment after our deal. And when the payment comes we will arrange the production and send you the goods by air or by sea.<\/p>\n<h2>\n\t\t2. Cos&#039;\u00e8 DMX o DMX512?\n\t<\/h2>\n\t<p>DMX is short for &#8220;Digital Multiplex&#8221;, we can simplely understand it as a digital protocol. Nowadays, normally DMX is refered to DMX512(support maximum 512 channels, one color each channel), you can learn its more information on wikipedia:\u00a0<a href=\"https:\/\/en.wikipedia.org\/wiki\/DMX512\" target=\"_blank\" rel=\"noopener\">https:\/\/en.wikipedia.org\/wiki\/DMX512<\/a>. La nostra luce pu\u00f2 mostrare molti effetti cromatici diversi lavorando con DMX512, dobbiamo utilizzare un controller DMX esterno e aggiungere parti hardware alle luci. Il programma viene tenuto nel controller e il segnale verr\u00e0 inviato alle luci per generare colori o effetti diversi. Il nostro proiettore RGB supporta il controller DMX512 universale purch\u00e9 supporti il protocollo DMX512 standard. Puoi acquistare il controller da noi o nel tuo mercato locale.<\/p>\n<h2>\n\t\t3. Posso utilizzare il faro RGB senza la funzione DMX?\n\t<\/h2>\n\t<p>Si certo. DMX \u00e8 solo un&#039;opzione per i nostri proiettori RGB. Puoi utilizzare le nostre luci come normali proiettori RGB senza funzione DMX.<\/p>\n<h2>\n\t\t4. Come utilizzare il controller DMX?\n\t<\/h2>\n\t<p>Il nostro normale controller DMX ha una scheda SD integrata, pu\u00f2 eseguire i programmi nella scheda SD. D&#039;altra parte, il nostro controller pu\u00f2 essere controllato anche da un software per PC, utilizzando questo software \u00e8 possibile programmare il controller in tempo reale. Disponiamo anche di un controller che funziona con un&#039;app per telefono cellulare, puoi contattarci per ulteriori informazioni.<\/p>\n<h2>\n\t\t5. Posso utilizzare il mio controller o acquistarlo nel mio mercato locale?\n\t<\/h2>\n\t<p>S\u00ec, puoi certamente utilizzare il tuo controller o acquistarlo dalle tue aziende locali. I nostri proiettori DMX supportano i controller DMX universali purch\u00e9 supportino il protocollo DMX512 standard. Ti consigliamo di acquistare il controller nel tuo mercato, se possibile, perch\u00e9 \u00e8 pi\u00f9 conveniente che le tue aziende locali ti insegnino come utilizzare i loro controller.<\/p>\n<h2>\n\t\t6. Come installare l&#039;intero sistema DMX?\n\t<\/h2>\n\t<p>In base alla soluzione, abbiamo tre tipi di installazioni per il nostro sistema DMX. Installazione cablata, installazione wireless e installazione compatibile.<\/p>\n\t\t\t\t<img decoding=\"async\" src=\"https:\/\/www.dmxfloodlight.com\/wp-content\/uploads\/2024\/10\/wired-dmx-rgb-flood-light-installation-scheme.jpg\" alt=\"wired dmx rgb flood light installation scheme\" itemprop=\"image\" height=\"237\" width=\"800\" title=\"wired dmx rgb flood light installation scheme\" onerror=\"this.style.display='none'\"  \/>\n\t\t\t\t<img decoding=\"async\" src=\"https:\/\/www.dmxfloodlight.com\/wp-content\/uploads\/2024\/10\/wireless-dmx-rgb-flood-light-installation-scheme.jpg\" alt=\"wireless dmx rgb flood light installation scheme\" itemprop=\"image\" height=\"296\" width=\"800\" title=\"wireless dmx rgb flood light installation scheme\" onerror=\"this.style.display='none'\"  \/>\n\t\t\t\t<img decoding=\"async\" src=\"https:\/\/www.dmxfloodlight.com\/wp-content\/uploads\/2024\/10\/wired-and-wireless-compatible-dmx-flood-light-installation-scheme.jpg\" alt=\"wired and wireless compatible dmx flood light installation scheme\" itemprop=\"image\" height=\"227\" width=\"800\" title=\"wired and wireless compatible dmx flood light installation scheme\" onerror=\"this.style.display='none'\"  \/>\n<h2>\n\t\t7. What&#8217;s the maximum number of lights can be connected to one controller?\n\t<\/h2>\n\t<p>It will depend on the distance between the light fixtures and the controller. Normally if the total length of the DMX cables of all lights over 100 meters, we need to a an amplifier.<\/p>\n<h2>\n\t\t8. Potete realizzare una soluzione wireless?\n\t<\/h2>\n\t<p>Yes, we can make wireless solution. We will add an extra DMX wireless transmitter for the controller and add a wireless receiver for each light. By using this solution, you don&#8217;t need to do the jobs of DMX cables layout. But before using this system, please make sure there are no very big buildings or other obstacles in your application.<\/p>\n<h2>\n\t\t9. For wireless solution, what&#8217;s the maximum distance can I install the light fixture?\n\t<\/h2>\n\t<p>Secondo i nostri attuali dati di test, la distanza massima di radiazione del nostro segnale wireless \u00e8 di 300-500 metri.<\/p>\n<h2>\n\t\t10. What&#8217;s the lifespan of your products?\n\t<\/h2>\n\t<p>La durata delle nostre luci a LED pu\u00f2 raggiungere in teoria le 50.000 ore. Ma la durata effettiva sar\u00e0 influenzata dalla temperatura ambientale effettiva, dall&#039;umidit\u00e0 e dalle abitudini d&#039;uso dell&#039;utente finale. Secondo la nostra esperienza, le nostre luci a LED possono essere utilizzate da 6 a 10 anni o pi\u00f9.<\/p>\n<h2>\n\t\t11. Quanti anni di garanzia fornite e quali sono i termini della politica di garanzia?\n\t<\/h2>\n\t<p>Normalmente forniamo 3 o 5 anni di garanzia. Durante il periodo di garanzia, ti invieremo nuovi prodotti o nuove parti da sostituire in caso di guasti. Puoi venire da noi ogni volta che incontri qualche problema.<\/p>\n<h2>\n\t\t12. What&#8217;s your payment term and how can I make the payment?\n\t<\/h2>\n\t<p>Normalmente il nostro termine di pagamento \u00e8 il deposito e il saldo T\/T 30% prima della spedizione. Per piccoli importi (ad esempio inferiori a 500 USD) puoi pagare tramite Paypal, Western Union o MoneyGram. Ma per importi elevati, accetteremo il bonifico bancario. Accettiamo diversi tipi di valuta tra cui USD, Euro, GBP, RMB, HKD, YEN, ecc.<\/p>\n<h2>\n\t\t13. What&#8217;s your delivery time and the way of shipment?\n\t<\/h2>\n\t<p>Normalmente il tempo di consegna del nostro campione \u00e8 di 4-7 giorni e l&#039;ordine normale \u00e8 di 10-20 giorni a seconda della quantit\u00e0 effettiva del tuo ordine. Organizzeremo la spedizione tramite aereo espresso (porta a porta), normale trasporto aereo (verso l&#039;aeroporto locale), trasporto marittimo (verso il porto marittimo locale) o alcune modalit\u00e0 di spedizione speciali con dazi in base alla situazione reale.<\/p>\n<h2>\n\t\t14. I still have other questions &#8230;\n\t<\/h2>\n\t<p>Se hai altre domande sulla nostra azienda o sui prodotti di illuminazione a LED, ti preghiamo di contattarci <a href=\"https:\/\/www.dmxfloodlight.com\/it\/contact-us\/\">Contattaci<\/a> direttamente, riceverai la nostra risposta in breve tempo.<\/p>\nE-mail: <a href=\"mailto:sales@cyreelighting.com\">sales@cyreelighting.com<\/a><br \/>\nWhatsApp\/Wechat: +8618011802260<br \/>\nSkype: jerrygeram","protected":false},"excerpt":{"rendered":"<p>Frequently Asked Question 1. Where are you located and how to buy your RGB LED lights? We are a leading LED light manufacturer and exporter located in Guangdong, China. You can easily buy our LED lights no matter where you are. Firstly, please send us an inquiry to tell us your requirement on our website [&hellip;]<\/p>","protected":false},"author":1,"featured_media":0,"parent":0,"menu_order":0,"comment_status":"closed","ping_status":"closed","template":"","meta":{"footnotes":""},"class_list":["post-26","page","type-page","status-publish","hentry","wpbf-post"],"yoast_head":"<!-- This site is optimized with the Yoast SEO Premium plugin v22.4 (Yoast SEO v22.4) - https:\/\/yoast.com\/wordpress\/plugins\/seo\/ -->\n<title>FAQ - Best Outdoor RGB RGBW DMX LED Flood Light<\/title>\n<meta name=\"description\" content=\"China Factory Wholesale Outdoor RGB RGBW DMX LED Flood Light. Custom DMX\/DMX512, Wireless, RF Remote &amp; App Control Solutions! 5 Years Warranty! Contact Us Now!\" \/>\n<meta name=\"robots\" content=\"index, follow, max-snippet:-1, max-image-preview:large, max-video-preview:-1\" \/>\n<link rel=\"canonical\" href=\"https:\/\/www.dmxfloodlight.com\/it\/faq\/\" \/>\n<meta property=\"og:locale\" content=\"it_IT\" \/>\n<meta property=\"og:type\" content=\"article\" \/>\n<meta property=\"og:title\" content=\"FAQ - RGB \/ RGBW DMX LED Flood Light\" \/>\n<meta property=\"og:description\" content=\"China Factory Wholesale Outdoor RGB RGBW DMX LED Flood Light. Custom DMX\/DMX512, Wireless, RF Remote &amp; App Control Solutions! 5 Years Warranty! Contact Us Now!\" \/>\n<meta property=\"og:url\" content=\"https:\/\/www.dmxfloodlight.com\/it\/faq\/\" \/>\n<meta property=\"og:site_name\" content=\"DMX Flood Light\" \/>\n<meta property=\"article:publisher\" content=\"https:\/\/www.facebook.com\/jerrygeram\" \/>\n<meta property=\"article:modified_time\" content=\"2025-12-11T06:03:44+00:00\" \/>\n<meta property=\"og:image\" content=\"https:\/\/www.dmxfloodlight.com\/wp-content\/uploads\/2024\/10\/wired-dmx-rgb-flood-light-installation-scheme.jpg\" \/>\n<meta name=\"twitter:card\" content=\"summary_large_image\" \/>\n<meta name=\"twitter:label1\" content=\"Est. reading time\" \/>\n\t<meta name=\"twitter:data1\" content=\"4 minutes\" \/>\n<script type=\"application\/ld+json\" class=\"yoast-schema-graph\">{\"@context\":\"https:\/\/schema.org\",\"@graph\":[{\"@type\":\"WebPage\",\"@id\":\"https:\/\/www.dmxfloodlight.com\/faq\/\",\"url\":\"https:\/\/www.dmxfloodlight.com\/faq\/\",\"name\":\"FAQ - Best Outdoor RGB RGBW DMX LED Flood Light\",\"isPartOf\":{\"@id\":\"https:\/\/www.dmxfloodlight.com\/#website\"},\"primaryImageOfPage\":{\"@id\":\"https:\/\/www.dmxfloodlight.com\/faq\/#primaryimage\"},\"image\":{\"@id\":\"https:\/\/www.dmxfloodlight.com\/faq\/#primaryimage\"},\"thumbnailUrl\":\"https:\/\/www.dmxfloodlight.com\/wp-content\/uploads\/2024\/10\/wired-dmx-rgb-flood-light-installation-scheme.jpg\",\"datePublished\":\"2020-09-22T01:26:03+00:00\",\"dateModified\":\"2025-12-11T06:03:44+00:00\",\"description\":\"China Factory Wholesale Outdoor RGB RGBW DMX LED Flood Light. Custom DMX\/DMX512, Wireless, RF Remote & App Control Solutions! 5 Years Warranty! Contact Us Now!\",\"breadcrumb\":{\"@id\":\"https:\/\/www.dmxfloodlight.com\/faq\/#breadcrumb\"},\"inLanguage\":\"it-IT\",\"potentialAction\":[{\"@type\":\"ReadAction\",\"target\":[\"https:\/\/www.dmxfloodlight.com\/faq\/\"]}]},{\"@type\":\"ImageObject\",\"inLanguage\":\"it-IT\",\"@id\":\"https:\/\/www.dmxfloodlight.com\/faq\/#primaryimage\",\"url\":\"https:\/\/www.dmxfloodlight.com\/wp-content\/uploads\/2024\/10\/wired-dmx-rgb-flood-light-installation-scheme.jpg\",\"contentUrl\":\"https:\/\/www.dmxfloodlight.com\/wp-content\/uploads\/2024\/10\/wired-dmx-rgb-flood-light-installation-scheme.jpg\"},{\"@type\":\"BreadcrumbList\",\"@id\":\"https:\/\/www.dmxfloodlight.com\/faq\/#breadcrumb\",\"itemListElement\":[{\"@type\":\"ListItem\",\"position\":1,\"name\":\"Home\",\"item\":\"https:\/\/www.dmxfloodlight.com\/\"},{\"@type\":\"ListItem\",\"position\":2,\"name\":\"FAQ &#8211; RGB \/ RGBW DMX LED Flood Light\"}]},{\"@type\":\"WebSite\",\"@id\":\"https:\/\/www.dmxfloodlight.com\/#website\",\"url\":\"https:\/\/www.dmxfloodlight.com\/\",\"name\":\"DMX Flood Light\",\"description\":\"DMX LED flood light manufacturer\",\"publisher\":{\"@id\":\"https:\/\/www.dmxfloodlight.com\/#organization\"},\"potentialAction\":[{\"@type\":\"SearchAction\",\"target\":{\"@type\":\"EntryPoint\",\"urlTemplate\":\"https:\/\/www.dmxfloodlight.com\/?s={search_term_string}\"},\"query-input\":\"required name=search_term_string\"}],\"inLanguage\":\"it-IT\"},{\"@type\":\"Organization\",\"@id\":\"https:\/\/www.dmxfloodlight.com\/#organization\",\"name\":\"GERAM Lighting\",\"url\":\"https:\/\/www.dmxfloodlight.com\/\",\"logo\":{\"@type\":\"ImageObject\",\"inLanguage\":\"it-IT\",\"@id\":\"https:\/\/www.dmxfloodlight.com\/#\/schema\/logo\/image\/\",\"url\":\"https:\/\/www.dmxfloodlight.com\/wp-content\/uploads\/2020\/09\/rgb-rgbw-dmx-led-flood-light-favicon.png\",\"contentUrl\":\"https:\/\/www.dmxfloodlight.com\/wp-content\/uploads\/2020\/09\/rgb-rgbw-dmx-led-flood-light-favicon.png\",\"width\":512,\"height\":512,\"caption\":\"GERAM Lighting\"},\"image\":{\"@id\":\"https:\/\/www.dmxfloodlight.com\/#\/schema\/logo\/image\/\"},\"sameAs\":[\"https:\/\/www.facebook.com\/jerrygeram\"]}]}<\/script>\n<!-- \/ Yoast SEO Premium plugin. -->","yoast_head_json":{"title":"FAQ - Best Outdoor RGB RGBW DMX LED Flood Light","description":"China Factory Wholesale Outdoor RGB RGBW DMX LED Flood Light. Custom DMX\/DMX512, Wireless, RF Remote & App Control Solutions! 5 Years Warranty! Contact Us Now!","robots":{"index":"index","follow":"follow","max-snippet":"max-snippet:-1","max-image-preview":"max-image-preview:large","max-video-preview":"max-video-preview:-1"},"canonical":"https:\/\/www.dmxfloodlight.com\/it\/faq\/","og_locale":"it_IT","og_type":"article","og_title":"FAQ - RGB \/ RGBW DMX LED Flood Light","og_description":"China Factory Wholesale Outdoor RGB RGBW DMX LED Flood Light. Custom DMX\/DMX512, Wireless, RF Remote & App Control Solutions! 5 Years Warranty! Contact Us Now!","og_url":"https:\/\/www.dmxfloodlight.com\/it\/faq\/","og_site_name":"DMX Flood Light","article_publisher":"https:\/\/www.facebook.com\/jerrygeram","article_modified_time":"2025-12-11T06:03:44+00:00","og_image":[{"url":"https:\/\/www.dmxfloodlight.com\/wp-content\/uploads\/2024\/10\/wired-dmx-rgb-flood-light-installation-scheme.jpg"}],"twitter_card":"summary_large_image","twitter_misc":{"Est. reading time":"4 minutes"},"schema":{"@context":"https:\/\/schema.org","@graph":[{"@type":"WebPage","@id":"https:\/\/www.dmxfloodlight.com\/faq\/","url":"https:\/\/www.dmxfloodlight.com\/faq\/","name":"FAQ - Best Outdoor RGB RGBW DMX LED Flood Light","isPartOf":{"@id":"https:\/\/www.dmxfloodlight.com\/#website"},"primaryImageOfPage":{"@id":"https:\/\/www.dmxfloodlight.com\/faq\/#primaryimage"},"image":{"@id":"https:\/\/www.dmxfloodlight.com\/faq\/#primaryimage"},"thumbnailUrl":"https:\/\/www.dmxfloodlight.com\/wp-content\/uploads\/2024\/10\/wired-dmx-rgb-flood-light-installation-scheme.jpg","datePublished":"2020-09-22T01:26:03+00:00","dateModified":"2025-12-11T06:03:44+00:00","description":"China Factory Wholesale Outdoor RGB RGBW DMX LED Flood Light. Custom DMX\/DMX512, Wireless, RF Remote & App Control Solutions! 5 Years Warranty! Contact Us Now!","breadcrumb":{"@id":"https:\/\/www.dmxfloodlight.com\/faq\/#breadcrumb"},"inLanguage":"it-IT","potentialAction":[{"@type":"ReadAction","target":["https:\/\/www.dmxfloodlight.com\/faq\/"]}]},{"@type":"ImageObject","inLanguage":"it-IT","@id":"https:\/\/www.dmxfloodlight.com\/faq\/#primaryimage","url":"https:\/\/www.dmxfloodlight.com\/wp-content\/uploads\/2024\/10\/wired-dmx-rgb-flood-light-installation-scheme.jpg","contentUrl":"https:\/\/www.dmxfloodlight.com\/wp-content\/uploads\/2024\/10\/wired-dmx-rgb-flood-light-installation-scheme.jpg"},{"@type":"BreadcrumbList","@id":"https:\/\/www.dmxfloodlight.com\/faq\/#breadcrumb","itemListElement":[{"@type":"ListItem","position":1,"name":"Home","item":"https:\/\/www.dmxfloodlight.com\/"},{"@type":"ListItem","position":2,"name":"FAQ &#8211; RGB \/ RGBW DMX LED Flood Light"}]},{"@type":"WebSite","@id":"https:\/\/www.dmxfloodlight.com\/#website","url":"https:\/\/www.dmxfloodlight.com\/","name":"DMX Flood Light","description":"DMX LED flood light manufacturer","publisher":{"@id":"https:\/\/www.dmxfloodlight.com\/#organization"},"potentialAction":[{"@type":"SearchAction","target":{"@type":"EntryPoint","urlTemplate":"https:\/\/www.dmxfloodlight.com\/?s={search_term_string}"},"query-input":"required name=search_term_string"}],"inLanguage":"it-IT"},{"@type":"Organization","@id":"https:\/\/www.dmxfloodlight.com\/#organization","name":"GERAM Lighting","url":"https:\/\/www.dmxfloodlight.com\/","logo":{"@type":"ImageObject","inLanguage":"it-IT","@id":"https:\/\/www.dmxfloodlight.com\/#\/schema\/logo\/image\/","url":"https:\/\/www.dmxfloodlight.com\/wp-content\/uploads\/2020\/09\/rgb-rgbw-dmx-led-flood-light-favicon.png","contentUrl":"https:\/\/www.dmxfloodlight.com\/wp-content\/uploads\/2020\/09\/rgb-rgbw-dmx-led-flood-light-favicon.png","width":512,"height":512,"caption":"GERAM Lighting"},"image":{"@id":"https:\/\/www.dmxfloodlight.com\/#\/schema\/logo\/image\/"},"sameAs":["https:\/\/www.facebook.com\/jerrygeram"]}]}},"_links":{"self":[{"href":"https:\/\/www.dmxfloodlight.com\/it\/wp-json\/wp\/v2\/pages\/26","targetHints":{"allow":["GET"]}}],"collection":[{"href":"https:\/\/www.dmxfloodlight.com\/it\/wp-json\/wp\/v2\/pages"}],"about":[{"href":"https:\/\/www.dmxfloodlight.com\/it\/wp-json\/wp\/v2\/types\/page"}],"author":[{"embeddable":true,"href":"https:\/\/www.dmxfloodlight.com\/it\/wp-json\/wp\/v2\/users\/1"}],"replies":[{"embeddable":true,"href":"https:\/\/www.dmxfloodlight.com\/it\/wp-json\/wp\/v2\/comments?post=26"}],"version-history":[{"count":0,"href":"https:\/\/www.dmxfloodlight.com\/it\/wp-json\/wp\/v2\/pages\/26\/revisions"}],"wp:attachment":[{"href":"https:\/\/www.dmxfloodlight.com\/it\/wp-json\/wp\/v2\/media?parent=26"}],"curies":[{"name":"wp","href":"https:\/\/api.w.org\/{rel}","templated":true}]}}