{"id":26,"date":"2020-09-22T01:26:03","date_gmt":"2020-09-22T01:26:03","guid":{"rendered":"https:\/\/www.dmxfloodlight.com\/?page_id=26"},"modified":"2025-12-11T14:03:44","modified_gmt":"2025-12-11T06:03:44","slug":"faq","status":"publish","type":"page","link":"https:\/\/www.dmxfloodlight.com\/fr\/faq\/","title":{"rendered":"FAQ \u2013 Projecteur LED RVB\/RGBW DMX"},"content":{"rendered":"<h2>\n\t\tQuestion fr\u00e9quemment pos\u00e9e\n\t<\/h2>\n<h2>\n\t\t1. O\u00f9 vous situez-vous et comment acheter vos lumi\u00e8res LED RVB ?\n\t<\/h2>\n\t<p>We are a leading LED light manufacturer and exporter located in Guangdong, China. You can easily buy our LED lights no matter where you are. Firstly, please send us an inquiry to tell us your requirement on our website or through email, whatsapp, skype, etc. Then we will send you feedback with our proposal, products and quotation. You will be requested to send us the payment after our deal. And when the payment comes we will arrange the production and send you the goods by air or by sea.<\/p>\n<h2>\n\t\t2. Qu&#039;est-ce que DMX ou DMX512 ?\n\t<\/h2>\n\t<p>DMX est l&#039;abr\u00e9viation de \u00ab Digital Multiplex \u00bb, on peut simplement le comprendre comme un protocole num\u00e9rique. De nos jours, normalement DMX fait r\u00e9f\u00e9rence \u00e0 DMX512 (prend en charge un maximum de 512 canaux, une couleur par canal), vous pouvez en apprendre davantage sur wikipedia\u00a0:\u00a0<a href=\"https:\/\/en.wikipedia.org\/wiki\/DMX512\" target=\"_blank\" rel=\"noopener\">https:\/\/en.wikipedia.org\/wiki\/DMX512<\/a>. Notre lumi\u00e8re peut montrer de nombreux effets de couleurs diff\u00e9rents en travaillant avec DMX512, nous devons utiliser un contr\u00f4leur DMX externe et ajouter des pi\u00e8ces mat\u00e9rielles aux lumi\u00e8res. Le programme est conserv\u00e9 dans le contr\u00f4leur et le signal sera envoy\u00e9 aux lumi\u00e8res pour g\u00e9n\u00e9rer diff\u00e9rentes couleurs ou effets. Notre projecteur RVB prend en charge le contr\u00f4leur DMX512 universel tant qu&#039;il prend en charge le protocole DMX512 standard. Vous pouvez acheter le contr\u00f4leur chez nous ou sur votre march\u00e9 local.<\/p>\n<h2>\n\t\t3. Puis-je utiliser votre projecteur RVB sans fonction DMX ?\n\t<\/h2>\n\t<p>Oui bien s\u00fbr. DMX n&#039;est qu&#039;une option pour nos projecteurs RVB. Vous pouvez utiliser nos lumi\u00e8res comme des projecteurs RVB normaux sans fonction DMX.<\/p>\n<h2>\n\t\t4. Comment utiliser votre contr\u00f4leur DMX ?\n\t<\/h2>\n\t<p>Notre contr\u00f4leur DMX normal a une carte SD int\u00e9gr\u00e9e, il peut ex\u00e9cuter les programmes sur la carte SD. D&#039;autre part, notre contr\u00f4leur peut \u00e9galement \u00eatre contr\u00f4l\u00e9 par un logiciel PC, en utilisant ce logiciel, vous pouvez programmer le contr\u00f4leur en temps r\u00e9el. Nous disposons \u00e9galement d&#039;un contr\u00f4leur qui fonctionne avec une application pour t\u00e9l\u00e9phone mobile, vous pouvez nous contacter pour plus d&#039;informations.<\/p>\n<h2>\n\t\t5. Puis-je utiliser mon propre contr\u00f4leur ou l&#039;acheter sur mon march\u00e9 local ?\n\t<\/h2>\n\t<p>Oui, vous pouvez certainement utiliser votre propre contr\u00f4leur ou l&#039;acheter aupr\u00e8s de vos entreprises locales. Nos projecteurs DMX prennent en charge les contr\u00f4leurs DMX universels \u00e0 condition qu&#039;ils prennent en charge le protocole DMX512 standard. Nous vous sugg\u00e9rons d&#039;acheter le contr\u00f4leur sur votre march\u00e9 si cela est possible, car il est plus pratique pour vos entreprises locales de vous apprendre \u00e0 utiliser leurs contr\u00f4leurs.<\/p>\n<h2>\n\t\t6. Comment installer l\u2019ensemble du syst\u00e8me DMX ?\n\t<\/h2>\n\t<p>Sur la base de la solution, nous disposons de trois types d&#039;installations pour notre syst\u00e8me DMX. Installation filaire, installation sans fil et installation compatible.<\/p>\n\t\t\t\t<img decoding=\"async\" src=\"https:\/\/www.dmxfloodlight.com\/wp-content\/uploads\/2024\/10\/wired-dmx-rgb-flood-light-installation-scheme.jpg\" alt=\"wired dmx rgb flood light installation scheme\" itemprop=\"image\" height=\"237\" width=\"800\" title=\"wired dmx rgb flood light installation scheme\" onerror=\"this.style.display='none'\"  \/>\n\t\t\t\t<img decoding=\"async\" src=\"https:\/\/www.dmxfloodlight.com\/wp-content\/uploads\/2024\/10\/wireless-dmx-rgb-flood-light-installation-scheme.jpg\" alt=\"wireless dmx rgb flood light installation scheme\" itemprop=\"image\" height=\"296\" width=\"800\" title=\"wireless dmx rgb flood light installation scheme\" onerror=\"this.style.display='none'\"  \/>\n\t\t\t\t<img decoding=\"async\" src=\"https:\/\/www.dmxfloodlight.com\/wp-content\/uploads\/2024\/10\/wired-and-wireless-compatible-dmx-flood-light-installation-scheme.jpg\" alt=\"wired and wireless compatible dmx flood light installation scheme\" itemprop=\"image\" height=\"227\" width=\"800\" title=\"wired and wireless compatible dmx flood light installation scheme\" onerror=\"this.style.display='none'\"  \/>\n<h2>\n\t\t7. What&#8217;s the maximum number of lights can be connected to one controller?\n\t<\/h2>\n\t<p>It will depend on the distance between the light fixtures and the controller. Normally if the total length of the DMX cables of all lights over 100 meters, we need to a an amplifier.<\/p>\n<h2>\n\t\t8. Pouvez-vous cr\u00e9er une solution sans fil\u00a0?\n\t<\/h2>\n\t<p>Oui, nous pouvons cr\u00e9er une solution sans fil. Nous ajouterons un \u00e9metteur sans fil DMX suppl\u00e9mentaire pour le contr\u00f4leur et ajouterons un r\u00e9cepteur sans fil pour chaque lumi\u00e8re. En utilisant cette solution, vous n&#039;avez pas besoin d&#039;effectuer le travail de disposition des c\u00e2bles DMX. Mais avant d\u2019utiliser ce syst\u00e8me, assurez-vous qu\u2019il n\u2019y a pas de tr\u00e8s grands b\u00e2timents ou autres obstacles dans votre application.<\/p>\n<h2>\n\t\t9. For wireless solution, what&#8217;s the maximum distance can I install the light fixture?\n\t<\/h2>\n\t<p>Selon nos donn\u00e9es de tests actuelles, la distance de rayonnement maximale de notre signal sans fil est de 300 \u00e0 500 m\u00e8tres.<\/p>\n<h2>\n\t\t10. What&#8217;s the lifespan of your products?\n\t<\/h2>\n\t<p>La dur\u00e9e de vie de nos luminaires LED peut atteindre en th\u00e9orie 50 000 heures. Mais la dur\u00e9e de vie r\u00e9elle sera influenc\u00e9e par la temp\u00e9rature ambiante r\u00e9elle, l&#039;humidit\u00e9 et les habitudes d&#039;utilisation de l&#039;utilisateur final. Selon notre exp\u00e9rience, nos luminaires LED peuvent \u00eatre utilis\u00e9s de 6 \u00e0 10 ans voire plus.<\/p>\n<h2>\n\t\t11. Combien d&#039;ann\u00e9es de garantie offrez-vous et quelles sont vos conditions de garantie\u00a0?\n\t<\/h2>\n\t<p>Normalement, nous offrons une garantie de 3 ou 5 ans. Pendant la p\u00e9riode de garantie, nous vous enverrons de nouveaux produits ou de nouvelles pi\u00e8ces \u00e0 remplacer en cas de panne. Vous pouvez venir nous voir chaque fois que vous rencontrez des probl\u00e8mes.<\/p>\n<h2>\n\t\t12. What&#8217;s your payment term and how can I make the payment?\n\t<\/h2>\n\t<p>Normalement, nos conditions de paiement sont le d\u00e9p\u00f4t et le solde T\/T 30% avant exp\u00e9dition. Pour un petit montant (par exemple moins de 500 USD), vous pouvez payer via Paypal, Western Union ou MoneyGram. Mais pour un montant important, nous accepterons le virement bancaire. Nous acceptons diff\u00e9rents types de devises, notamment l&#039;USD, l&#039;euro, le GBP, le RMB, le HKD, le YEN, etc.<\/p>\n<h2>\n\t\t13. What&#8217;s your delivery time and the way of shipment?\n\t<\/h2>\n\t<p>Normalement, le d\u00e9lai de livraison de notre \u00e9chantillon est de 4 \u00e0 7 jours et la commande normale est de 10 \u00e0 20 jours selon la quantit\u00e9 r\u00e9elle de votre commande. Nous organiserons l&#039;exp\u00e9dition par air express (porte \u00e0 porte), fret a\u00e9rien normal (vers votre a\u00e9roport local), fret maritime (vers votre port maritime local) ou par certains moyens d&#039;exp\u00e9dition sp\u00e9ciaux avec des droits en fonction de la situation r\u00e9elle.<\/p>\n<h2>\n\t\t14. I still have other questions &#8230;\n\t<\/h2>\n\t<p>Si vous avez encore d&#039;autres questions sur notre entreprise ou sur les produits d&#039;\u00e9clairage LED, veuillez <a href=\"https:\/\/www.dmxfloodlight.com\/fr\/contact-us\/\">Contactez-nous<\/a> directement, vous recevrez notre r\u00e9ponse dans un court laps de temps.<\/p>\nE-mail: <a href=\"mailto:sales@cyreelighting.com\">sales@cyreelighting.com<\/a><br \/>\nWhatsApp\/Wechat\u00a0: +8618011802260<br \/>\nSkype\u00a0: Jerrygeram","protected":false},"excerpt":{"rendered":"<p>Frequently Asked Question 1. Where are you located and how to buy your RGB LED lights? We are a leading LED light manufacturer and exporter located in Guangdong, China. You can easily buy our LED lights no matter where you are. Firstly, please send us an inquiry to tell us your requirement on our website [&hellip;]<\/p>","protected":false},"author":1,"featured_media":0,"parent":0,"menu_order":0,"comment_status":"closed","ping_status":"closed","template":"","meta":{"footnotes":""},"class_list":["post-26","page","type-page","status-publish","hentry","wpbf-post"],"yoast_head":"<!-- This site is optimized with the Yoast SEO Premium plugin v22.4 (Yoast SEO v22.4) - https:\/\/yoast.com\/wordpress\/plugins\/seo\/ -->\n<title>FAQ - Best Outdoor RGB RGBW DMX LED Flood Light<\/title>\n<meta name=\"description\" content=\"China Factory Wholesale Outdoor RGB RGBW DMX LED Flood Light. Custom DMX\/DMX512, Wireless, RF Remote &amp; App Control Solutions! 5 Years Warranty! Contact Us Now!\" \/>\n<meta name=\"robots\" content=\"index, follow, max-snippet:-1, max-image-preview:large, max-video-preview:-1\" \/>\n<link rel=\"canonical\" href=\"https:\/\/www.dmxfloodlight.com\/fr\/faq\/\" \/>\n<meta property=\"og:locale\" content=\"fr_FR\" \/>\n<meta property=\"og:type\" content=\"article\" \/>\n<meta property=\"og:title\" content=\"FAQ - RGB \/ RGBW DMX LED Flood Light\" \/>\n<meta property=\"og:description\" content=\"China Factory Wholesale Outdoor RGB RGBW DMX LED Flood Light. Custom DMX\/DMX512, Wireless, RF Remote &amp; App Control Solutions! 5 Years Warranty! Contact Us Now!\" \/>\n<meta property=\"og:url\" content=\"https:\/\/www.dmxfloodlight.com\/fr\/faq\/\" \/>\n<meta property=\"og:site_name\" content=\"DMX Flood Light\" \/>\n<meta property=\"article:publisher\" content=\"https:\/\/www.facebook.com\/jerrygeram\" \/>\n<meta property=\"article:modified_time\" content=\"2025-12-11T06:03:44+00:00\" \/>\n<meta property=\"og:image\" content=\"https:\/\/www.dmxfloodlight.com\/wp-content\/uploads\/2024\/10\/wired-dmx-rgb-flood-light-installation-scheme.jpg\" \/>\n<meta name=\"twitter:card\" content=\"summary_large_image\" \/>\n<meta name=\"twitter:label1\" content=\"Est. reading time\" \/>\n\t<meta name=\"twitter:data1\" content=\"4 minutes\" \/>\n<script type=\"application\/ld+json\" class=\"yoast-schema-graph\">{\"@context\":\"https:\/\/schema.org\",\"@graph\":[{\"@type\":\"WebPage\",\"@id\":\"https:\/\/www.dmxfloodlight.com\/faq\/\",\"url\":\"https:\/\/www.dmxfloodlight.com\/faq\/\",\"name\":\"FAQ - Best Outdoor RGB RGBW DMX LED Flood Light\",\"isPartOf\":{\"@id\":\"https:\/\/www.dmxfloodlight.com\/#website\"},\"primaryImageOfPage\":{\"@id\":\"https:\/\/www.dmxfloodlight.com\/faq\/#primaryimage\"},\"image\":{\"@id\":\"https:\/\/www.dmxfloodlight.com\/faq\/#primaryimage\"},\"thumbnailUrl\":\"https:\/\/www.dmxfloodlight.com\/wp-content\/uploads\/2024\/10\/wired-dmx-rgb-flood-light-installation-scheme.jpg\",\"datePublished\":\"2020-09-22T01:26:03+00:00\",\"dateModified\":\"2025-12-11T06:03:44+00:00\",\"description\":\"China Factory Wholesale Outdoor RGB RGBW DMX LED Flood Light. Custom DMX\/DMX512, Wireless, RF Remote & App Control Solutions! 5 Years Warranty! Contact Us Now!\",\"breadcrumb\":{\"@id\":\"https:\/\/www.dmxfloodlight.com\/faq\/#breadcrumb\"},\"inLanguage\":\"fr-FR\",\"potentialAction\":[{\"@type\":\"ReadAction\",\"target\":[\"https:\/\/www.dmxfloodlight.com\/faq\/\"]}]},{\"@type\":\"ImageObject\",\"inLanguage\":\"fr-FR\",\"@id\":\"https:\/\/www.dmxfloodlight.com\/faq\/#primaryimage\",\"url\":\"https:\/\/www.dmxfloodlight.com\/wp-content\/uploads\/2024\/10\/wired-dmx-rgb-flood-light-installation-scheme.jpg\",\"contentUrl\":\"https:\/\/www.dmxfloodlight.com\/wp-content\/uploads\/2024\/10\/wired-dmx-rgb-flood-light-installation-scheme.jpg\"},{\"@type\":\"BreadcrumbList\",\"@id\":\"https:\/\/www.dmxfloodlight.com\/faq\/#breadcrumb\",\"itemListElement\":[{\"@type\":\"ListItem\",\"position\":1,\"name\":\"Home\",\"item\":\"https:\/\/www.dmxfloodlight.com\/\"},{\"@type\":\"ListItem\",\"position\":2,\"name\":\"FAQ &#8211; RGB \/ RGBW DMX LED Flood Light\"}]},{\"@type\":\"WebSite\",\"@id\":\"https:\/\/www.dmxfloodlight.com\/#website\",\"url\":\"https:\/\/www.dmxfloodlight.com\/\",\"name\":\"DMX Flood Light\",\"description\":\"DMX LED flood light manufacturer\",\"publisher\":{\"@id\":\"https:\/\/www.dmxfloodlight.com\/#organization\"},\"potentialAction\":[{\"@type\":\"SearchAction\",\"target\":{\"@type\":\"EntryPoint\",\"urlTemplate\":\"https:\/\/www.dmxfloodlight.com\/?s={search_term_string}\"},\"query-input\":\"required name=search_term_string\"}],\"inLanguage\":\"fr-FR\"},{\"@type\":\"Organization\",\"@id\":\"https:\/\/www.dmxfloodlight.com\/#organization\",\"name\":\"GERAM Lighting\",\"url\":\"https:\/\/www.dmxfloodlight.com\/\",\"logo\":{\"@type\":\"ImageObject\",\"inLanguage\":\"fr-FR\",\"@id\":\"https:\/\/www.dmxfloodlight.com\/#\/schema\/logo\/image\/\",\"url\":\"https:\/\/www.dmxfloodlight.com\/wp-content\/uploads\/2020\/09\/rgb-rgbw-dmx-led-flood-light-favicon.png\",\"contentUrl\":\"https:\/\/www.dmxfloodlight.com\/wp-content\/uploads\/2020\/09\/rgb-rgbw-dmx-led-flood-light-favicon.png\",\"width\":512,\"height\":512,\"caption\":\"GERAM Lighting\"},\"image\":{\"@id\":\"https:\/\/www.dmxfloodlight.com\/#\/schema\/logo\/image\/\"},\"sameAs\":[\"https:\/\/www.facebook.com\/jerrygeram\"]}]}<\/script>\n<!-- \/ Yoast SEO Premium plugin. -->","yoast_head_json":{"title":"FAQ - Best Outdoor RGB RGBW DMX LED Flood Light","description":"China Factory Wholesale Outdoor RGB RGBW DMX LED Flood Light. Custom DMX\/DMX512, Wireless, RF Remote & App Control Solutions! 5 Years Warranty! Contact Us Now!","robots":{"index":"index","follow":"follow","max-snippet":"max-snippet:-1","max-image-preview":"max-image-preview:large","max-video-preview":"max-video-preview:-1"},"canonical":"https:\/\/www.dmxfloodlight.com\/fr\/faq\/","og_locale":"fr_FR","og_type":"article","og_title":"FAQ - RGB \/ RGBW DMX LED Flood Light","og_description":"China Factory Wholesale Outdoor RGB RGBW DMX LED Flood Light. Custom DMX\/DMX512, Wireless, RF Remote & App Control Solutions! 5 Years Warranty! Contact Us Now!","og_url":"https:\/\/www.dmxfloodlight.com\/fr\/faq\/","og_site_name":"DMX Flood Light","article_publisher":"https:\/\/www.facebook.com\/jerrygeram","article_modified_time":"2025-12-11T06:03:44+00:00","og_image":[{"url":"https:\/\/www.dmxfloodlight.com\/wp-content\/uploads\/2024\/10\/wired-dmx-rgb-flood-light-installation-scheme.jpg"}],"twitter_card":"summary_large_image","twitter_misc":{"Est. reading time":"4 minutes"},"schema":{"@context":"https:\/\/schema.org","@graph":[{"@type":"WebPage","@id":"https:\/\/www.dmxfloodlight.com\/faq\/","url":"https:\/\/www.dmxfloodlight.com\/faq\/","name":"FAQ - Best Outdoor RGB RGBW DMX LED Flood Light","isPartOf":{"@id":"https:\/\/www.dmxfloodlight.com\/#website"},"primaryImageOfPage":{"@id":"https:\/\/www.dmxfloodlight.com\/faq\/#primaryimage"},"image":{"@id":"https:\/\/www.dmxfloodlight.com\/faq\/#primaryimage"},"thumbnailUrl":"https:\/\/www.dmxfloodlight.com\/wp-content\/uploads\/2024\/10\/wired-dmx-rgb-flood-light-installation-scheme.jpg","datePublished":"2020-09-22T01:26:03+00:00","dateModified":"2025-12-11T06:03:44+00:00","description":"China Factory Wholesale Outdoor RGB RGBW DMX LED Flood Light. Custom DMX\/DMX512, Wireless, RF Remote & App Control Solutions! 5 Years Warranty! Contact Us Now!","breadcrumb":{"@id":"https:\/\/www.dmxfloodlight.com\/faq\/#breadcrumb"},"inLanguage":"fr-FR","potentialAction":[{"@type":"ReadAction","target":["https:\/\/www.dmxfloodlight.com\/faq\/"]}]},{"@type":"ImageObject","inLanguage":"fr-FR","@id":"https:\/\/www.dmxfloodlight.com\/faq\/#primaryimage","url":"https:\/\/www.dmxfloodlight.com\/wp-content\/uploads\/2024\/10\/wired-dmx-rgb-flood-light-installation-scheme.jpg","contentUrl":"https:\/\/www.dmxfloodlight.com\/wp-content\/uploads\/2024\/10\/wired-dmx-rgb-flood-light-installation-scheme.jpg"},{"@type":"BreadcrumbList","@id":"https:\/\/www.dmxfloodlight.com\/faq\/#breadcrumb","itemListElement":[{"@type":"ListItem","position":1,"name":"Home","item":"https:\/\/www.dmxfloodlight.com\/"},{"@type":"ListItem","position":2,"name":"FAQ &#8211; RGB \/ RGBW DMX LED Flood Light"}]},{"@type":"WebSite","@id":"https:\/\/www.dmxfloodlight.com\/#website","url":"https:\/\/www.dmxfloodlight.com\/","name":"DMX Flood Light","description":"DMX LED flood light manufacturer","publisher":{"@id":"https:\/\/www.dmxfloodlight.com\/#organization"},"potentialAction":[{"@type":"SearchAction","target":{"@type":"EntryPoint","urlTemplate":"https:\/\/www.dmxfloodlight.com\/?s={search_term_string}"},"query-input":"required name=search_term_string"}],"inLanguage":"fr-FR"},{"@type":"Organization","@id":"https:\/\/www.dmxfloodlight.com\/#organization","name":"GERAM Lighting","url":"https:\/\/www.dmxfloodlight.com\/","logo":{"@type":"ImageObject","inLanguage":"fr-FR","@id":"https:\/\/www.dmxfloodlight.com\/#\/schema\/logo\/image\/","url":"https:\/\/www.dmxfloodlight.com\/wp-content\/uploads\/2020\/09\/rgb-rgbw-dmx-led-flood-light-favicon.png","contentUrl":"https:\/\/www.dmxfloodlight.com\/wp-content\/uploads\/2020\/09\/rgb-rgbw-dmx-led-flood-light-favicon.png","width":512,"height":512,"caption":"GERAM Lighting"},"image":{"@id":"https:\/\/www.dmxfloodlight.com\/#\/schema\/logo\/image\/"},"sameAs":["https:\/\/www.facebook.com\/jerrygeram"]}]}},"_links":{"self":[{"href":"https:\/\/www.dmxfloodlight.com\/fr\/wp-json\/wp\/v2\/pages\/26","targetHints":{"allow":["GET"]}}],"collection":[{"href":"https:\/\/www.dmxfloodlight.com\/fr\/wp-json\/wp\/v2\/pages"}],"about":[{"href":"https:\/\/www.dmxfloodlight.com\/fr\/wp-json\/wp\/v2\/types\/page"}],"author":[{"embeddable":true,"href":"https:\/\/www.dmxfloodlight.com\/fr\/wp-json\/wp\/v2\/users\/1"}],"replies":[{"embeddable":true,"href":"https:\/\/www.dmxfloodlight.com\/fr\/wp-json\/wp\/v2\/comments?post=26"}],"version-history":[{"count":0,"href":"https:\/\/www.dmxfloodlight.com\/fr\/wp-json\/wp\/v2\/pages\/26\/revisions"}],"wp:attachment":[{"href":"https:\/\/www.dmxfloodlight.com\/fr\/wp-json\/wp\/v2\/media?parent=26"}],"curies":[{"name":"wp","href":"https:\/\/api.w.org\/{rel}","templated":true}]}}