{"id":26,"date":"2020-09-22T01:26:03","date_gmt":"2020-09-22T01:26:03","guid":{"rendered":"https:\/\/www.dmxfloodlight.com\/?page_id=26"},"modified":"2025-12-11T14:03:44","modified_gmt":"2025-12-11T06:03:44","slug":"faq","status":"publish","type":"page","link":"https:\/\/www.dmxfloodlight.com\/es\/faq\/","title":{"rendered":"Preguntas frecuentes: reflector LED RGB \/ RGBW DMX"},"content":{"rendered":"<h2>\n\t\tPreguntas frecuentes\n\t<\/h2>\n<h2>\n\t\t1. \u00bfD\u00f3nde se encuentra y c\u00f3mo comprar sus luces LED RGB?\n\t<\/h2>\n\t<p>We are a leading LED light manufacturer and exporter located in Guangdong, China. You can easily buy our LED lights no matter where you are. Firstly, please send us an inquiry to tell us your requirement on our website or through email, whatsapp, skype, etc. Then we will send you feedback with our proposal, products and quotation. You will be requested to send us the payment after our deal. And when the payment comes we will arrange the production and send you the goods by air or by sea.<\/p>\n<h2>\n\t\t2. \u00bfQu\u00e9 es DMX o DMX512?\n\t<\/h2>\n\t<p>DMX es la abreviatura de \u201cDigital Multiplex\u201d, podemos entenderlo simplemente como un protocolo digital. Hoy en d\u00eda, normalmente DMX se refiere a DMX512 (admite un m\u00e1ximo de 512 canales, un color cada canal), puede obtener m\u00e1s informaci\u00f3n en wikipedia:\u00a0<a href=\"https:\/\/en.wikipedia.org\/wiki\/DMX512\" target=\"_blank\" rel=\"noopener\">https:\/\/en.wikipedia.org\/wiki\/DMX512<\/a>. Nuestra luz puede mostrar muchos efectos de color diferentes al trabajar con DMX512, necesitamos usar un controlador DMX externo y agregar piezas de hardware a las luces. El programa se lleva a cabo en el controlador y la se\u00f1al se enviar\u00e1 a las luces para generar diferentes colores o efectos. Nuestro reflector RGB admite el controlador DMX512 universal siempre que admita el protocolo DMX512 est\u00e1ndar. Puede comprarnos el controlador a nosotros o en su mercado local.<\/p>\n<h2>\n\t\t3. \u00bfPuedo utilizar su reflector RGB sin funci\u00f3n DMX?\n\t<\/h2>\n\t<p>Si seguro. DMX es solo una opci\u00f3n para nuestros reflectores RGB. Puede utilizar nuestras luces como reflectores RGB normales sin funci\u00f3n DMX.<\/p>\n<h2>\n\t\t4. \u00bfC\u00f3mo utilizar tu controlador DMX?\n\t<\/h2>\n\t<p>Nuestro controlador DMX normal tiene una tarjeta SD incorporada, puede ejecutar los programas en la tarjeta SD. Por otro lado, nuestro controlador tambi\u00e9n puede ser controlado mediante un software de PC; al utilizar este software, puede programar el controlador en tiempo real. Tambi\u00e9n tenemos un controlador que funciona con una aplicaci\u00f3n de tel\u00e9fono m\u00f3vil, puede contactarnos para obtener m\u00e1s informaci\u00f3n.<\/p>\n<h2>\n\t\t5. \u00bfPuedo usar mi propio controlador o comprarlo en mi mercado local?\n\t<\/h2>\n\t<p>S\u00ed, ciertamente puedes usar tu propio controlador o comprarlo en tus empresas locales. Nuestros reflectores DMX admiten controladores DMX universales siempre que admitan el protocolo est\u00e1ndar DMX512. Le sugerimos que compre el controlador en su mercado si es posible, porque es m\u00e1s conveniente que las empresas locales le ense\u00f1en c\u00f3mo utilizar sus controladores.<\/p>\n<h2>\n\t\t6. \u00bfC\u00f3mo instalar todo el sistema DMX?\n\t<\/h2>\n\t<p>Seg\u00fan la soluci\u00f3n, disponemos de tres tipos de instalaciones para nuestro sistema DMX. Instalaci\u00f3n cableada, instalaci\u00f3n inal\u00e1mbrica e instalaci\u00f3n compatible.<\/p>\n\t\t\t\t<img decoding=\"async\" src=\"https:\/\/www.dmxfloodlight.com\/wp-content\/uploads\/2024\/10\/wired-dmx-rgb-flood-light-installation-scheme.jpg\" alt=\"wired dmx rgb flood light installation scheme\" itemprop=\"image\" height=\"237\" width=\"800\" title=\"wired dmx rgb flood light installation scheme\" onerror=\"this.style.display='none'\"  \/>\n\t\t\t\t<img decoding=\"async\" src=\"https:\/\/www.dmxfloodlight.com\/wp-content\/uploads\/2024\/10\/wireless-dmx-rgb-flood-light-installation-scheme.jpg\" alt=\"wireless dmx rgb flood light installation scheme\" itemprop=\"image\" height=\"296\" width=\"800\" title=\"wireless dmx rgb flood light installation scheme\" onerror=\"this.style.display='none'\"  \/>\n\t\t\t\t<img decoding=\"async\" src=\"https:\/\/www.dmxfloodlight.com\/wp-content\/uploads\/2024\/10\/wired-and-wireless-compatible-dmx-flood-light-installation-scheme.jpg\" alt=\"wired and wireless compatible dmx flood light installation scheme\" itemprop=\"image\" height=\"227\" width=\"800\" title=\"wired and wireless compatible dmx flood light installation scheme\" onerror=\"this.style.display='none'\"  \/>\n<h2>\n\t\t7. What&#8217;s the maximum number of lights can be connected to one controller?\n\t<\/h2>\n\t<p>It will depend on the distance between the light fixtures and the controller. Normally if the total length of the DMX cables of all lights over 100 meters, we need to a an amplifier.<\/p>\n<h2>\n\t\t8. \u00bfPueden crear una soluci\u00f3n inal\u00e1mbrica?\n\t<\/h2>\n\t<p>S\u00ed, podemos crear una soluci\u00f3n inal\u00e1mbrica. Agregaremos un transmisor inal\u00e1mbrico DMX adicional para el controlador y agregaremos un receptor inal\u00e1mbrico para cada luz. Al utilizar esta soluci\u00f3n, no necesita realizar el trabajo de disposici\u00f3n de cables DMX. Pero antes de utilizar este sistema, aseg\u00farese de que no haya edificios muy grandes u otros obst\u00e1culos en su aplicaci\u00f3n.<\/p>\n<h2>\n\t\t9. For wireless solution, what&#8217;s the maximum distance can I install the light fixture?\n\t<\/h2>\n\t<p>Seg\u00fan nuestros datos de prueba actuales, la distancia m\u00e1xima de radiaci\u00f3n de nuestra se\u00f1al inal\u00e1mbrica es de 300 a 500 metros.<\/p>\n<h2>\n\t\t10. What&#8217;s the lifespan of your products?\n\t<\/h2>\n\t<p>La vida \u00fatil de nuestras luces LED puede alcanzar en teor\u00eda las 50.000 horas. Pero la vida \u00fatil real estar\u00e1 influenciada por la temperatura ambiente real, la humedad y el h\u00e1bito de uso del usuario final. Seg\u00fan nuestra experiencia, nuestras luces LED pueden usarse de 6 a 10 a\u00f1os o m\u00e1s.<\/p>\n<h2>\n\t\t11. \u00bfCu\u00e1ntos a\u00f1os de garant\u00eda ofrece y cu\u00e1les son sus t\u00e9rminos de pol\u00edtica de garant\u00eda?\n\t<\/h2>\n\t<p>Normalmente ofrecemos 3 o 5 a\u00f1os de garant\u00eda. Durante el per\u00edodo de garant\u00eda, le enviaremos nuevos productos o piezas nuevas para su reemplazo si hay alguna falla. Puede acudir a nosotros siempre que tenga alg\u00fan problema.<\/p>\n<h2>\n\t\t12. What&#8217;s your payment term and how can I make the payment?\n\t<\/h2>\n\t<p>Normalmente nuestras condiciones de pago son dep\u00f3sito T\/T 30% y saldo antes del env\u00edo. Para cantidades peque\u00f1as (como menos de 500 USD), puede pagar mediante Paypal, Western Union o MoneyGram. Pero para cantidades grandes, aceptaremos transferencias bancarias. Aceptamos diferentes tipos de moneda, incluidos USD, euros, GBP, RMB, HKD, YEN, etc.<\/p>\n<h2>\n\t\t13. What&#8217;s your delivery time and the way of shipment?\n\t<\/h2>\n\t<p>Normalmente, el tiempo de entrega de nuestra muestra es de 4 a 7 d\u00edas y el pedido normal es de 10 a 20 d\u00edas, dependiendo de la cantidad real de su pedido. Organizaremos el env\u00edo por v\u00eda a\u00e9rea expresa (puerta a puerta), transporte a\u00e9reo normal (a su aeropuerto local), transporte mar\u00edtimo (a su puerto local) o algunas formas de env\u00edo especiales con aranceles seg\u00fan la situaci\u00f3n real.<\/p>\n<h2>\n\t\t14. I still have other questions &#8230;\n\t<\/h2>\n\t<p>Si a\u00fan tiene otras preguntas sobre nuestra empresa o productos de iluminaci\u00f3n LED, por favor <a href=\"https:\/\/www.dmxfloodlight.com\/es\/contact-us\/\">Cont\u00e1ctenos<\/a> directamente, recibir\u00e1s nuestra respuesta en poco tiempo.<\/p>\nCorreo electr\u00f3nico: <a href=\"mailto:sales@cyreelighting.com\">sales@cyreelighting.com<\/a><br \/>\nWhatsApp\/Wechat: +8618011802260<br \/>\nSkype: jerrygeram","protected":false},"excerpt":{"rendered":"<p>Frequently Asked Question 1. Where are you located and how to buy your RGB LED lights? We are a leading LED light manufacturer and exporter located in Guangdong, China. You can easily buy our LED lights no matter where you are. Firstly, please send us an inquiry to tell us your requirement on our website [&hellip;]<\/p>","protected":false},"author":1,"featured_media":0,"parent":0,"menu_order":0,"comment_status":"closed","ping_status":"closed","template":"","meta":{"footnotes":""},"class_list":["post-26","page","type-page","status-publish","hentry","wpbf-post"],"yoast_head":"<!-- This site is optimized with the Yoast SEO Premium plugin v22.4 (Yoast SEO v22.4) - https:\/\/yoast.com\/wordpress\/plugins\/seo\/ -->\n<title>FAQ - Best Outdoor RGB RGBW DMX LED Flood Light<\/title>\n<meta name=\"description\" content=\"China Factory Wholesale Outdoor RGB RGBW DMX LED Flood Light. Custom DMX\/DMX512, Wireless, RF Remote &amp; App Control Solutions! 5 Years Warranty! Contact Us Now!\" \/>\n<meta name=\"robots\" content=\"index, follow, max-snippet:-1, max-image-preview:large, max-video-preview:-1\" \/>\n<link rel=\"canonical\" href=\"https:\/\/www.dmxfloodlight.com\/es\/faq\/\" \/>\n<meta property=\"og:locale\" content=\"es_ES\" \/>\n<meta property=\"og:type\" content=\"article\" \/>\n<meta property=\"og:title\" content=\"FAQ - RGB \/ RGBW DMX LED Flood Light\" \/>\n<meta property=\"og:description\" content=\"China Factory Wholesale Outdoor RGB RGBW DMX LED Flood Light. Custom DMX\/DMX512, Wireless, RF Remote &amp; App Control Solutions! 5 Years Warranty! Contact Us Now!\" \/>\n<meta property=\"og:url\" content=\"https:\/\/www.dmxfloodlight.com\/es\/faq\/\" \/>\n<meta property=\"og:site_name\" content=\"DMX Flood Light\" \/>\n<meta property=\"article:publisher\" content=\"https:\/\/www.facebook.com\/jerrygeram\" \/>\n<meta property=\"article:modified_time\" content=\"2025-12-11T06:03:44+00:00\" \/>\n<meta property=\"og:image\" content=\"https:\/\/www.dmxfloodlight.com\/wp-content\/uploads\/2024\/10\/wired-dmx-rgb-flood-light-installation-scheme.jpg\" \/>\n<meta name=\"twitter:card\" content=\"summary_large_image\" \/>\n<meta name=\"twitter:label1\" content=\"Est. reading time\" \/>\n\t<meta name=\"twitter:data1\" content=\"4 minutes\" \/>\n<script type=\"application\/ld+json\" class=\"yoast-schema-graph\">{\"@context\":\"https:\/\/schema.org\",\"@graph\":[{\"@type\":\"WebPage\",\"@id\":\"https:\/\/www.dmxfloodlight.com\/faq\/\",\"url\":\"https:\/\/www.dmxfloodlight.com\/faq\/\",\"name\":\"FAQ - Best Outdoor RGB RGBW DMX LED Flood Light\",\"isPartOf\":{\"@id\":\"https:\/\/www.dmxfloodlight.com\/#website\"},\"primaryImageOfPage\":{\"@id\":\"https:\/\/www.dmxfloodlight.com\/faq\/#primaryimage\"},\"image\":{\"@id\":\"https:\/\/www.dmxfloodlight.com\/faq\/#primaryimage\"},\"thumbnailUrl\":\"https:\/\/www.dmxfloodlight.com\/wp-content\/uploads\/2024\/10\/wired-dmx-rgb-flood-light-installation-scheme.jpg\",\"datePublished\":\"2020-09-22T01:26:03+00:00\",\"dateModified\":\"2025-12-11T06:03:44+00:00\",\"description\":\"China Factory Wholesale Outdoor RGB RGBW DMX LED Flood Light. Custom DMX\/DMX512, Wireless, RF Remote & App Control Solutions! 5 Years Warranty! Contact Us Now!\",\"breadcrumb\":{\"@id\":\"https:\/\/www.dmxfloodlight.com\/faq\/#breadcrumb\"},\"inLanguage\":\"es-ES\",\"potentialAction\":[{\"@type\":\"ReadAction\",\"target\":[\"https:\/\/www.dmxfloodlight.com\/faq\/\"]}]},{\"@type\":\"ImageObject\",\"inLanguage\":\"es-ES\",\"@id\":\"https:\/\/www.dmxfloodlight.com\/faq\/#primaryimage\",\"url\":\"https:\/\/www.dmxfloodlight.com\/wp-content\/uploads\/2024\/10\/wired-dmx-rgb-flood-light-installation-scheme.jpg\",\"contentUrl\":\"https:\/\/www.dmxfloodlight.com\/wp-content\/uploads\/2024\/10\/wired-dmx-rgb-flood-light-installation-scheme.jpg\"},{\"@type\":\"BreadcrumbList\",\"@id\":\"https:\/\/www.dmxfloodlight.com\/faq\/#breadcrumb\",\"itemListElement\":[{\"@type\":\"ListItem\",\"position\":1,\"name\":\"Home\",\"item\":\"https:\/\/www.dmxfloodlight.com\/\"},{\"@type\":\"ListItem\",\"position\":2,\"name\":\"FAQ &#8211; RGB \/ RGBW DMX LED Flood Light\"}]},{\"@type\":\"WebSite\",\"@id\":\"https:\/\/www.dmxfloodlight.com\/#website\",\"url\":\"https:\/\/www.dmxfloodlight.com\/\",\"name\":\"DMX Flood Light\",\"description\":\"DMX LED flood light manufacturer\",\"publisher\":{\"@id\":\"https:\/\/www.dmxfloodlight.com\/#organization\"},\"potentialAction\":[{\"@type\":\"SearchAction\",\"target\":{\"@type\":\"EntryPoint\",\"urlTemplate\":\"https:\/\/www.dmxfloodlight.com\/?s={search_term_string}\"},\"query-input\":\"required name=search_term_string\"}],\"inLanguage\":\"es-ES\"},{\"@type\":\"Organization\",\"@id\":\"https:\/\/www.dmxfloodlight.com\/#organization\",\"name\":\"GERAM Lighting\",\"url\":\"https:\/\/www.dmxfloodlight.com\/\",\"logo\":{\"@type\":\"ImageObject\",\"inLanguage\":\"es-ES\",\"@id\":\"https:\/\/www.dmxfloodlight.com\/#\/schema\/logo\/image\/\",\"url\":\"https:\/\/www.dmxfloodlight.com\/wp-content\/uploads\/2020\/09\/rgb-rgbw-dmx-led-flood-light-favicon.png\",\"contentUrl\":\"https:\/\/www.dmxfloodlight.com\/wp-content\/uploads\/2020\/09\/rgb-rgbw-dmx-led-flood-light-favicon.png\",\"width\":512,\"height\":512,\"caption\":\"GERAM Lighting\"},\"image\":{\"@id\":\"https:\/\/www.dmxfloodlight.com\/#\/schema\/logo\/image\/\"},\"sameAs\":[\"https:\/\/www.facebook.com\/jerrygeram\"]}]}<\/script>\n<!-- \/ Yoast SEO Premium plugin. -->","yoast_head_json":{"title":"FAQ - Best Outdoor RGB RGBW DMX LED Flood Light","description":"China Factory Wholesale Outdoor RGB RGBW DMX LED Flood Light. Custom DMX\/DMX512, Wireless, RF Remote & App Control Solutions! 5 Years Warranty! Contact Us Now!","robots":{"index":"index","follow":"follow","max-snippet":"max-snippet:-1","max-image-preview":"max-image-preview:large","max-video-preview":"max-video-preview:-1"},"canonical":"https:\/\/www.dmxfloodlight.com\/es\/faq\/","og_locale":"es_ES","og_type":"article","og_title":"FAQ - RGB \/ RGBW DMX LED Flood Light","og_description":"China Factory Wholesale Outdoor RGB RGBW DMX LED Flood Light. Custom DMX\/DMX512, Wireless, RF Remote & App Control Solutions! 5 Years Warranty! Contact Us Now!","og_url":"https:\/\/www.dmxfloodlight.com\/es\/faq\/","og_site_name":"DMX Flood Light","article_publisher":"https:\/\/www.facebook.com\/jerrygeram","article_modified_time":"2025-12-11T06:03:44+00:00","og_image":[{"url":"https:\/\/www.dmxfloodlight.com\/wp-content\/uploads\/2024\/10\/wired-dmx-rgb-flood-light-installation-scheme.jpg"}],"twitter_card":"summary_large_image","twitter_misc":{"Est. reading time":"4 minutes"},"schema":{"@context":"https:\/\/schema.org","@graph":[{"@type":"WebPage","@id":"https:\/\/www.dmxfloodlight.com\/faq\/","url":"https:\/\/www.dmxfloodlight.com\/faq\/","name":"FAQ - Best Outdoor RGB RGBW DMX LED Flood Light","isPartOf":{"@id":"https:\/\/www.dmxfloodlight.com\/#website"},"primaryImageOfPage":{"@id":"https:\/\/www.dmxfloodlight.com\/faq\/#primaryimage"},"image":{"@id":"https:\/\/www.dmxfloodlight.com\/faq\/#primaryimage"},"thumbnailUrl":"https:\/\/www.dmxfloodlight.com\/wp-content\/uploads\/2024\/10\/wired-dmx-rgb-flood-light-installation-scheme.jpg","datePublished":"2020-09-22T01:26:03+00:00","dateModified":"2025-12-11T06:03:44+00:00","description":"China Factory Wholesale Outdoor RGB RGBW DMX LED Flood Light. Custom DMX\/DMX512, Wireless, RF Remote & App Control Solutions! 5 Years Warranty! Contact Us Now!","breadcrumb":{"@id":"https:\/\/www.dmxfloodlight.com\/faq\/#breadcrumb"},"inLanguage":"es-ES","potentialAction":[{"@type":"ReadAction","target":["https:\/\/www.dmxfloodlight.com\/faq\/"]}]},{"@type":"ImageObject","inLanguage":"es-ES","@id":"https:\/\/www.dmxfloodlight.com\/faq\/#primaryimage","url":"https:\/\/www.dmxfloodlight.com\/wp-content\/uploads\/2024\/10\/wired-dmx-rgb-flood-light-installation-scheme.jpg","contentUrl":"https:\/\/www.dmxfloodlight.com\/wp-content\/uploads\/2024\/10\/wired-dmx-rgb-flood-light-installation-scheme.jpg"},{"@type":"BreadcrumbList","@id":"https:\/\/www.dmxfloodlight.com\/faq\/#breadcrumb","itemListElement":[{"@type":"ListItem","position":1,"name":"Home","item":"https:\/\/www.dmxfloodlight.com\/"},{"@type":"ListItem","position":2,"name":"FAQ &#8211; RGB \/ RGBW DMX LED Flood Light"}]},{"@type":"WebSite","@id":"https:\/\/www.dmxfloodlight.com\/#website","url":"https:\/\/www.dmxfloodlight.com\/","name":"DMX Flood Light","description":"DMX LED flood light manufacturer","publisher":{"@id":"https:\/\/www.dmxfloodlight.com\/#organization"},"potentialAction":[{"@type":"SearchAction","target":{"@type":"EntryPoint","urlTemplate":"https:\/\/www.dmxfloodlight.com\/?s={search_term_string}"},"query-input":"required name=search_term_string"}],"inLanguage":"es-ES"},{"@type":"Organization","@id":"https:\/\/www.dmxfloodlight.com\/#organization","name":"GERAM Lighting","url":"https:\/\/www.dmxfloodlight.com\/","logo":{"@type":"ImageObject","inLanguage":"es-ES","@id":"https:\/\/www.dmxfloodlight.com\/#\/schema\/logo\/image\/","url":"https:\/\/www.dmxfloodlight.com\/wp-content\/uploads\/2020\/09\/rgb-rgbw-dmx-led-flood-light-favicon.png","contentUrl":"https:\/\/www.dmxfloodlight.com\/wp-content\/uploads\/2020\/09\/rgb-rgbw-dmx-led-flood-light-favicon.png","width":512,"height":512,"caption":"GERAM Lighting"},"image":{"@id":"https:\/\/www.dmxfloodlight.com\/#\/schema\/logo\/image\/"},"sameAs":["https:\/\/www.facebook.com\/jerrygeram"]}]}},"_links":{"self":[{"href":"https:\/\/www.dmxfloodlight.com\/es\/wp-json\/wp\/v2\/pages\/26","targetHints":{"allow":["GET"]}}],"collection":[{"href":"https:\/\/www.dmxfloodlight.com\/es\/wp-json\/wp\/v2\/pages"}],"about":[{"href":"https:\/\/www.dmxfloodlight.com\/es\/wp-json\/wp\/v2\/types\/page"}],"author":[{"embeddable":true,"href":"https:\/\/www.dmxfloodlight.com\/es\/wp-json\/wp\/v2\/users\/1"}],"replies":[{"embeddable":true,"href":"https:\/\/www.dmxfloodlight.com\/es\/wp-json\/wp\/v2\/comments?post=26"}],"version-history":[{"count":0,"href":"https:\/\/www.dmxfloodlight.com\/es\/wp-json\/wp\/v2\/pages\/26\/revisions"}],"wp:attachment":[{"href":"https:\/\/www.dmxfloodlight.com\/es\/wp-json\/wp\/v2\/media?parent=26"}],"curies":[{"name":"wp","href":"https:\/\/api.w.org\/{rel}","templated":true}]}}